{"id":37,"date":"2021-07-30T17:53:20","date_gmt":"2021-07-30T15:53:20","guid":{"rendered":"https:\/\/meveline.com\/?page_id=37"},"modified":"2022-03-24T20:26:16","modified_gmt":"2022-03-24T19:26:16","slug":"do-70m2","status":"publish","type":"page","link":"https:\/\/meveline.com\/sk\/modele-domow\/do-70m2\/","title":{"rendered":"Gotowe domki ca\u0142oroczne i letniskowe do 70m2"},"content":{"rendered":"<p>Wi\u0119ksze domki ca\u0142oroczne i letniskowe do 70m2, a szczeg\u00f3lnie domek 70m2 s\u0105 coraz cz\u0119stszym wyborem klient\u00f3w MEVELINE. Wszystkie modele z podniesionym dachem a wi\u0119c i domek 70m2 wyst\u0119puj\u0105 z opcjonalnym poddaszem w postaci antresoli. Powierzchni\u0119 domku 70m2 uzyskujemy poprzez modu\u0142owe \u0142aczenie jednobry\u0142owych modeli w r\u00f3\u017cnych konfiguracjach. W ofercie jest r\u00f3wnie\u017c dedykowany model DEVA, zaprojektowany specjalnie z my\u015bl\u0105 o rozwi\u0105zaniu na gotowy ca\u0142oroczny dom 70m2 bez pozwolenia. To w\u0142\u0105\u015bnie domy 70m2 bez pozwolenia s\u0105 przedmiotem prac ustawodawcy i nadziej\u0105 wielu klient\u00f3w na zastosowanie rozszerzonej procedury na zg\u0142oszenie. Gotowe domki 70m2 to szansa na rozwi\u0105zanie, kt\u00f3re z dnia na dzie\u0144 zmieni niezabudowan\u0105 dzia\u0142k\u0119 we w\u0142asne miejsce na ziemi.<\/p>","protected":false},"excerpt":{"rendered":"<p>Wi\u0119ksze domki ca\u0142oroczne i letniskowe do 70m2, a szczeg\u00f3lnie domek 70m2 s\u0105 coraz cz\u0119stszym wyborem klient\u00f3w MEVELINE. Wszystkie modele z podniesionym dachem a wi\u0119c i domek 70m2 wyst\u0119puj\u0105 z opcjonalnym poddaszem w postaci antresoli. Powierzchni\u0119 domku 70m2 uzyskujemy poprzez modu\u0142owe \u0142aczenie jednobry\u0142owych modeli w r\u00f3\u017cnych konfiguracjach. W ofercie jest r\u00f3wnie\u017c dedykowany model DEVA, zaprojektowany specjalnie [&hellip;]<\/p>\n","protected":false},"author":3,"featured_media":18804,"parent":8,"menu_order":2,"comment_status":"closed","ping_status":"closed","template":"","meta":{"_seopress_robots_primary_cat":"","_seopress_titles_title":"\u2192 Gotowe domki letniskowe ca\u0142oroczne do 70m2 \u2022 Projekty \u2022 MEVELINE","_seopress_titles_desc":"Domki do 70m2 w ofercie MEVELINE \u2705 Zobacz nasze modele ca\u0142orocznych domk\u00f3w drewnianych \u2705 Zaufaj ekspertom \u2705.","_seopress_robots_index":"","footnotes":""},"class_list":["post-37","page","type-page","status-publish","has-post-thumbnail","hentry"],"_links":{"self":[{"href":"https:\/\/meveline.com\/sk\/wp-json\/wp\/v2\/pages\/37","targetHints":{"allow":["GET"]}}],"collection":[{"href":"https:\/\/meveline.com\/sk\/wp-json\/wp\/v2\/pages"}],"about":[{"href":"https:\/\/meveline.com\/sk\/wp-json\/wp\/v2\/types\/page"}],"author":[{"embeddable":true,"href":"https:\/\/meveline.com\/sk\/wp-json\/wp\/v2\/users\/3"}],"replies":[{"embeddable":true,"href":"https:\/\/meveline.com\/sk\/wp-json\/wp\/v2\/comments?post=37"}],"version-history":[{"count":0,"href":"https:\/\/meveline.com\/sk\/wp-json\/wp\/v2\/pages\/37\/revisions"}],"up":[{"embeddable":true,"href":"https:\/\/meveline.com\/sk\/wp-json\/wp\/v2\/pages\/8"}],"wp:featuredmedia":[{"embeddable":true,"href":"https:\/\/meveline.com\/sk\/wp-json\/wp\/v2\/media\/18804"}],"wp:attachment":[{"href":"https:\/\/meveline.com\/sk\/wp-json\/wp\/v2\/media?parent=37"}],"curies":[{"name":"wp","href":"https:\/\/api.w.org\/{rel}","templated":true}]}}