{"id":35,"date":"2021-07-30T17:52:58","date_gmt":"2021-07-30T15:52:58","guid":{"rendered":"https:\/\/meveline.com\/?page_id=35"},"modified":"2022-01-20T12:49:31","modified_gmt":"2022-01-20T11:49:31","slug":"do-35m2","status":"publish","type":"page","link":"https:\/\/meveline.com\/sk\/modele-domow\/do-35m2\/","title":{"rendered":"Gotowe domki ca\u0142oroczne i letniskowe do 35m2"},"content":{"rendered":"<p>Domki ca\u0142oroczne i letniskowe o powierzchni 35m2 s\u0105 najcz\u0119stszym wyborem klient\u00f3w MEVELINE. Ca\u0142oroczny domek 35m2 w wersji mobilnej lub modu\u0142owej pod klucz to jedna z mo\u017cliwych opcji wyboru, jednak najbardziej popularne rozwi\u0105zanie to domek 35m2 z wyko\u0144czon\u0105 i umeblowan\u0105 \u0142azienk\u0105 oraz kuchni\u0105 i meblami w pozosta\u0142ych pomieszczeniach do samodzielnego wyboru i wyposa\u017cenia. To w\u0142a\u015bnie kuchnia i umeblowanie nadaj\u0105 domowi ostatecznego, indywidualnego dla ka\u017cdego w\u0142a\u015bciela charakteru. R\u00f3wnie\u017c domki letniskowe do 35m2 ciesz\u0105 si\u0119 popularno\u015bci\u0105 a od wersji ca\u0142orocznej r\u00f3\u017cni\u0105 si\u0119 grubo\u015bci\u0105 zastosowanej izolacji. Gotowe domki 35m2 to szansa na rozwi\u0105zanie, kt\u00f3re z dnia na dzie\u0144 zmieni niezabudowan\u0105 dzia\u0142k\u0119 we w\u0142asne miejsce na ziemi.<\/p>","protected":false},"excerpt":{"rendered":"<p>Domki ca\u0142oroczne i letniskowe o powierzchni 35m2 s\u0105 najcz\u0119stszym wyborem klient\u00f3w MEVELINE. Ca\u0142oroczny domek 35m2 w wersji mobilnej lub modu\u0142owej pod klucz to jedna z mo\u017cliwych opcji wyboru, jednak najbardziej popularne rozwi\u0105zanie to domek 35m2 z wyko\u0144czon\u0105 i umeblowan\u0105 \u0142azienk\u0105 oraz kuchni\u0105 i meblami w pozosta\u0142ych pomieszczeniach do samodzielnego wyboru i wyposa\u017cenia. To w\u0142a\u015bnie kuchnia [&hellip;]<\/p>\n","protected":false},"author":3,"featured_media":18803,"parent":8,"menu_order":1,"comment_status":"closed","ping_status":"closed","template":"","meta":{"_seopress_robots_primary_cat":"","_seopress_titles_title":"\u2192 Projekty gotowych domk\u00f3w do 35m2 \u2022 MEVELINE","_seopress_titles_desc":"Sprawd\u017a nasze modele domk\u00f3w ca\u0142orocznych do 35m2 \u2705 Zobacz nasze domki, kt\u00f3re postawisz na zg\u0142oszenie \u2705 bez pozwolenia na budow\u0119 \u2705.","_seopress_robots_index":"","footnotes":""},"class_list":["post-35","page","type-page","status-publish","has-post-thumbnail","hentry"],"_links":{"self":[{"href":"https:\/\/meveline.com\/sk\/wp-json\/wp\/v2\/pages\/35","targetHints":{"allow":["GET"]}}],"collection":[{"href":"https:\/\/meveline.com\/sk\/wp-json\/wp\/v2\/pages"}],"about":[{"href":"https:\/\/meveline.com\/sk\/wp-json\/wp\/v2\/types\/page"}],"author":[{"embeddable":true,"href":"https:\/\/meveline.com\/sk\/wp-json\/wp\/v2\/users\/3"}],"replies":[{"embeddable":true,"href":"https:\/\/meveline.com\/sk\/wp-json\/wp\/v2\/comments?post=35"}],"version-history":[{"count":0,"href":"https:\/\/meveline.com\/sk\/wp-json\/wp\/v2\/pages\/35\/revisions"}],"up":[{"embeddable":true,"href":"https:\/\/meveline.com\/sk\/wp-json\/wp\/v2\/pages\/8"}],"wp:featuredmedia":[{"embeddable":true,"href":"https:\/\/meveline.com\/sk\/wp-json\/wp\/v2\/media\/18803"}],"wp:attachment":[{"href":"https:\/\/meveline.com\/sk\/wp-json\/wp\/v2\/media?parent=35"}],"curies":[{"name":"wp","href":"https:\/\/api.w.org\/{rel}","templated":true}]}}