{"id":21802,"date":"2024-04-28T10:27:52","date_gmt":"2024-04-28T08:27:52","guid":{"rendered":"https:\/\/meveline.com\/?page_id=21802"},"modified":"2024-05-25T09:17:26","modified_gmt":"2024-05-25T07:17:26","slug":"domki-glampingowe","status":"publish","type":"page","link":"https:\/\/meveline.com\/sk\/domki-glampingowe\/","title":{"rendered":"Domki glampingowe"},"content":{"rendered":"<p>MEVELINE dostarcza domki rekreacyjne do o\u015brodk\u00f3w wczasowych, kt\u00f3re wyr\u00f3\u017cniaj\u0105 si\u0119 oryginalnymi sposobami zach\u0119cania klient\u00f3w do weekendowego czy letniego wypoczynku. W ofercie MEVELINE znajduj\u0105 si\u0119 modne i eleganckie domy w stylu nowoczesnej stodo\u0142y takie jak VELI czy EVELIN oraz designerskie w swej bryle KELIN. O takim domach czy miejscach m\u00f3wi si\u0119, \u017ce s\u0105 glampingowe - \u0142\u0105cz\u0105 w sobie funkcje kempingu oraz glamour (przepychu i presti\u017cu). Taki efekt mo\u017cna osi\u0105gn\u0105\u0107 zar\u00f3wno samym, oryginalnym domem, ale r\u00f3wnie\u017c jego bezpo\u015brednim otoczeniem. Dobrym przyk\u0142\u0105dem mo\u017ce by\u0107 wyposa\u017cenie domu MEVELINE w zewn\u0119trzn\u0105 saun\u0119, jacuzzi czy dodatkow\u0105 sypialni\u0119 pod przezroczyst\u0105 kopu\u0142\u0105.<\/p>","protected":false},"excerpt":{"rendered":"<p>MEVELINE dostarcza domki rekreacyjne do o\u015brodk\u00f3w wczasowych, kt\u00f3re wyr\u00f3\u017cniaj\u0105 si\u0119 oryginalnymi sposobami zach\u0119cania klient\u00f3w do weekendowego czy letniego wypoczynku. W ofercie MEVELINE znajduj\u0105 si\u0119 modne i eleganckie domy w stylu nowoczesnej stodo\u0142y takie jak VELI czy EVELIN oraz designerskie w swej bryle KELIN. O takim domach czy miejscach m\u00f3wi si\u0119, \u017ce s\u0105 glampingowe - \u0142\u0105cz\u0105 [&hellip;]<\/p>\n","protected":false},"author":2,"featured_media":21321,"parent":0,"menu_order":0,"comment_status":"closed","ping_status":"closed","template":"","meta":{"_seopress_robots_primary_cat":"","_seopress_titles_title":"Domki glampingowe Meveline \u2022 Wiele modeli \u2022 R\u00f3\u017cne metra\u017ce","_seopress_titles_desc":"Zobacz domki glampingowe od polskiego producenta Meveline \u2b50 Wybierz model i metra\u017c \u261d\ufe0f Dost\u0119pne opcje urz\u0105dzenia domku pod klucz \u2b50.","_seopress_robots_index":"","footnotes":""},"class_list":["post-21802","page","type-page","status-publish","has-post-thumbnail","hentry"],"meta_box":[],"_links":{"self":[{"href":"https:\/\/meveline.com\/sk\/wp-json\/wp\/v2\/pages\/21802","targetHints":{"allow":["GET"]}}],"collection":[{"href":"https:\/\/meveline.com\/sk\/wp-json\/wp\/v2\/pages"}],"about":[{"href":"https:\/\/meveline.com\/sk\/wp-json\/wp\/v2\/types\/page"}],"author":[{"embeddable":true,"href":"https:\/\/meveline.com\/sk\/wp-json\/wp\/v2\/users\/2"}],"replies":[{"embeddable":true,"href":"https:\/\/meveline.com\/sk\/wp-json\/wp\/v2\/comments?post=21802"}],"version-history":[{"count":2,"href":"https:\/\/meveline.com\/sk\/wp-json\/wp\/v2\/pages\/21802\/revisions"}],"predecessor-version":[{"id":21826,"href":"https:\/\/meveline.com\/sk\/wp-json\/wp\/v2\/pages\/21802\/revisions\/21826"}],"wp:featuredmedia":[{"embeddable":true,"href":"https:\/\/meveline.com\/sk\/wp-json\/wp\/v2\/media\/21321"}],"wp:attachment":[{"href":"https:\/\/meveline.com\/sk\/wp-json\/wp\/v2\/media?parent=21802"}],"curies":[{"name":"wp","href":"https:\/\/api.w.org\/{rel}","templated":true}]}}