{"id":18708,"date":"2021-12-19T17:11:27","date_gmt":"2021-12-19T16:11:27","guid":{"rendered":"https:\/\/meveline.com\/?page_id=18708"},"modified":"2022-01-11T17:03:11","modified_gmt":"2022-01-11T16:03:11","slug":"meva-1","status":"publish","type":"page","link":"https:\/\/meveline.com\/sk\/modele-domow\/meva\/meva-1\/","title":{"rendered":"Meva 1"},"content":{"rendered":"","protected":false},"excerpt":{"rendered":"","protected":false},"author":3,"featured_media":0,"parent":45,"menu_order":1,"comment_status":"closed","ping_status":"closed","template":"","meta":{"_seopress_robots_primary_cat":"","_seopress_titles_title":"\u2192 Domek ca\u0142oroczny MEVA 1 \u2022 24m2 \u2022 MEVELINE","_seopress_titles_desc":"Domek drewniany ca\u0142oroczny MEVA 1 \u2705 Zobacz dost\u0119pne konfiguracje \u2705 Bogate wyposa\u017cenie dodatkowe \u2705 \u0141atwo\u015b\u0107 transportu i budowy \u2705.","_seopress_robots_index":"","footnotes":""},"class_list":["post-18708","page","type-page","status-publish","hentry"],"meta_box":[],"_links":{"self":[{"href":"https:\/\/meveline.com\/sk\/wp-json\/wp\/v2\/pages\/18708","targetHints":{"allow":["GET"]}}],"collection":[{"href":"https:\/\/meveline.com\/sk\/wp-json\/wp\/v2\/pages"}],"about":[{"href":"https:\/\/meveline.com\/sk\/wp-json\/wp\/v2\/types\/page"}],"author":[{"embeddable":true,"href":"https:\/\/meveline.com\/sk\/wp-json\/wp\/v2\/users\/3"}],"replies":[{"embeddable":true,"href":"https:\/\/meveline.com\/sk\/wp-json\/wp\/v2\/comments?post=18708"}],"version-history":[{"count":0,"href":"https:\/\/meveline.com\/sk\/wp-json\/wp\/v2\/pages\/18708\/revisions"}],"up":[{"embeddable":true,"href":"https:\/\/meveline.com\/sk\/wp-json\/wp\/v2\/pages\/45"}],"wp:attachment":[{"href":"https:\/\/meveline.com\/sk\/wp-json\/wp\/v2\/media?parent=18708"}],"curies":[{"name":"wp","href":"https:\/\/api.w.org\/{rel}","templated":true}]}}