{"id":18422,"date":"2021-09-07T13:25:43","date_gmt":"2021-09-07T11:25:43","guid":{"rendered":"https:\/\/meveline.com\/?page_id=18422"},"modified":"2022-01-16T19:00:46","modified_gmt":"2022-01-16T18:00:46","slug":"veli-3","status":"publish","type":"page","link":"https:\/\/meveline.com\/sk\/modele-domow\/veli\/veli-3\/","title":{"rendered":"VELI 3"},"content":{"rendered":"","protected":false},"excerpt":{"rendered":"","protected":false},"author":3,"featured_media":18469,"parent":39,"menu_order":3,"comment_status":"closed","ping_status":"closed","template":"","meta":{"_seopress_robots_primary_cat":"","_seopress_titles_title":"\u2192 Domek ca\u0142oroczny VELI 3 \u2022 35m2 \u2022 MEVELINE","_seopress_titles_desc":"Domek ca\u0142oroczny typu stodo\u0142a - model VELI 3 \u2705 Zobacz dost\u0119pne konfiguracje \u2705 Bogate wyposa\u017cenie dodatkowe \u2705 \u0141atwo\u015b\u0107 transportu i budowy \u2705.","_seopress_robots_index":"","footnotes":""},"class_list":["post-18422","page","type-page","status-publish","has-post-thumbnail","hentry"],"meta_box":[],"_links":{"self":[{"href":"https:\/\/meveline.com\/sk\/wp-json\/wp\/v2\/pages\/18422","targetHints":{"allow":["GET"]}}],"collection":[{"href":"https:\/\/meveline.com\/sk\/wp-json\/wp\/v2\/pages"}],"about":[{"href":"https:\/\/meveline.com\/sk\/wp-json\/wp\/v2\/types\/page"}],"author":[{"embeddable":true,"href":"https:\/\/meveline.com\/sk\/wp-json\/wp\/v2\/users\/3"}],"replies":[{"embeddable":true,"href":"https:\/\/meveline.com\/sk\/wp-json\/wp\/v2\/comments?post=18422"}],"version-history":[{"count":0,"href":"https:\/\/meveline.com\/sk\/wp-json\/wp\/v2\/pages\/18422\/revisions"}],"up":[{"embeddable":true,"href":"https:\/\/meveline.com\/sk\/wp-json\/wp\/v2\/pages\/39"}],"wp:featuredmedia":[{"embeddable":true,"href":"https:\/\/meveline.com\/sk\/wp-json\/wp\/v2\/media\/18469"}],"wp:attachment":[{"href":"https:\/\/meveline.com\/sk\/wp-json\/wp\/v2\/media?parent=18422"}],"curies":[{"name":"wp","href":"https:\/\/api.w.org\/{rel}","templated":true}]}}