{"id":18076,"date":"2021-08-04T11:27:46","date_gmt":"2021-08-04T09:27:46","guid":{"rendered":"https:\/\/meveline.com\/?page_id=18076"},"modified":"2023-02-12T12:47:08","modified_gmt":"2023-02-12T11:47:08","slug":"dokoncit-standardy","status":"publish","type":"page","link":"https:\/\/meveline.com\/sk\/dokoncit-standardy\/","title":{"rendered":"Dokon\u010di\u0165 \u0161tandardy"},"content":{"rendered":"","protected":false},"excerpt":{"rendered":"","protected":false},"author":3,"featured_media":19032,"parent":0,"menu_order":12,"comment_status":"closed","ping_status":"closed","template":"","meta":{"_seopress_robots_primary_cat":"","_seopress_titles_title":"\u2192 Standardy wyko\u0144czenia \u2022 MEVELINE","_seopress_titles_desc":"Zobacz mo\u017cliwe standardy wyko\u0144czenia naszych domk\u00f3w \u2705 Chcesz wi\u0119cej? \u2705 Skontaktuj si\u0119 z nami 608-335-111 - zadzwo\u0144 \u260e.","_seopress_robots_index":"","footnotes":""},"class_list":["post-18076","page","type-page","status-publish","has-post-thumbnail","hentry"],"_links":{"self":[{"href":"https:\/\/meveline.com\/sk\/wp-json\/wp\/v2\/pages\/18076","targetHints":{"allow":["GET"]}}],"collection":[{"href":"https:\/\/meveline.com\/sk\/wp-json\/wp\/v2\/pages"}],"about":[{"href":"https:\/\/meveline.com\/sk\/wp-json\/wp\/v2\/types\/page"}],"author":[{"embeddable":true,"href":"https:\/\/meveline.com\/sk\/wp-json\/wp\/v2\/users\/3"}],"replies":[{"embeddable":true,"href":"https:\/\/meveline.com\/sk\/wp-json\/wp\/v2\/comments?post=18076"}],"version-history":[{"count":0,"href":"https:\/\/meveline.com\/sk\/wp-json\/wp\/v2\/pages\/18076\/revisions"}],"wp:featuredmedia":[{"embeddable":true,"href":"https:\/\/meveline.com\/sk\/wp-json\/wp\/v2\/media\/19032"}],"wp:attachment":[{"href":"https:\/\/meveline.com\/sk\/wp-json\/wp\/v2\/media?parent=18076"}],"curies":[{"name":"wp","href":"https:\/\/api.w.org\/{rel}","templated":true}]}}