{"id":18074,"date":"2021-08-04T11:27:27","date_gmt":"2021-08-04T09:27:27","guid":{"rendered":"https:\/\/meveline.com\/?page_id=18074"},"modified":"2021-11-01T13:29:45","modified_gmt":"2021-11-01T12:29:45","slug":"konstrukcia-a-izolacia","status":"publish","type":"page","link":"https:\/\/meveline.com\/sk\/konstrukcia-a-izolacia\/","title":{"rendered":"Kon\u0161trukcia a izol\u00e1cia"},"content":{"rendered":"","protected":false},"excerpt":{"rendered":"","protected":false},"author":3,"featured_media":18416,"parent":0,"menu_order":11,"comment_status":"closed","ping_status":"closed","template":"","meta":{"_seopress_robots_primary_cat":"","_seopress_titles_title":"\u2192 Konstrukcja i ocieplenie \u2022 MEVELINE","_seopress_titles_desc":"Zobacz jak zbudowane s\u0105 nasze domki \u2705 Sprawd\u017a wysokiej jako\u015bci ocieplenie stosowane w naszych domkach, kt\u00f3re zapewni Ci komfort ca\u0142y rok \u2705.","_seopress_robots_index":"","footnotes":""},"class_list":["post-18074","page","type-page","status-publish","has-post-thumbnail","hentry"],"meta_box":[],"_links":{"self":[{"href":"https:\/\/meveline.com\/sk\/wp-json\/wp\/v2\/pages\/18074","targetHints":{"allow":["GET"]}}],"collection":[{"href":"https:\/\/meveline.com\/sk\/wp-json\/wp\/v2\/pages"}],"about":[{"href":"https:\/\/meveline.com\/sk\/wp-json\/wp\/v2\/types\/page"}],"author":[{"embeddable":true,"href":"https:\/\/meveline.com\/sk\/wp-json\/wp\/v2\/users\/3"}],"replies":[{"embeddable":true,"href":"https:\/\/meveline.com\/sk\/wp-json\/wp\/v2\/comments?post=18074"}],"version-history":[{"count":0,"href":"https:\/\/meveline.com\/sk\/wp-json\/wp\/v2\/pages\/18074\/revisions"}],"wp:featuredmedia":[{"embeddable":true,"href":"https:\/\/meveline.com\/sk\/wp-json\/wp\/v2\/media\/18416"}],"wp:attachment":[{"href":"https:\/\/meveline.com\/sk\/wp-json\/wp\/v2\/media?parent=18074"}],"curies":[{"name":"wp","href":"https:\/\/api.w.org\/{rel}","templated":true}]}}