{"id":49,"date":"2021-07-30T17:56:20","date_gmt":"2021-07-30T15:56:20","guid":{"rendered":"https:\/\/meveline.com\/?page_id=49"},"modified":"2022-01-11T17:26:57","modified_gmt":"2022-01-11T16:26:57","slug":"domki-modulowe","status":"publish","type":"page","link":"https:\/\/meveline.com\/en\/domki-modulowe\/","title":{"rendered":"Domki modu\u0142owe ca\u0142oroczne bez pozwolenia"},"content":{"rendered":"<p>MEVELINE produkuje gotowe, modu\u0142owe domki ca\u0142oroczne i letniskowe. Dzi\u0119ki technologii modu\u0142owego \u0142\u0105czenia mo\u017cliwe jest zam\u00f3wienie domu b\u0119d\u0105cego wielokrotno\u015bci\u0105 modu\u0142u 24m2, 35m2 lub 48m2. Dla przyk\u0142adu, dzi\u0119ki po\u0142\u0105czeniu 2 modu\u0142\u00f3w 35m2 powstaje domek o popularnym i praktycznym rozmiarze 70m2, dost\u0119pny w r\u00f3\u017cnej konfiguracji bry\u0142y oraz uk\u0142adu funkcjonalnego wn\u0119trza. Poszczeg\u00f3lne modu\u0142y dom\u00f3w, MEVELINE dostarcza jako gotowe i na miejscu dokonuje b\u0142yskawicznego po\u0142\u0105czenia. Domy wykonujemy w oparciu o sztywny i trwa\u0142y szkielet stalowy, kt\u00f3ry jest uzupe\u0142niany elementami drewnianymi. Domy s\u0105 starannie ocieplone i wyko\u0144czone nowoczesnymi materia\u0142ami. Domy MEVELINE to wygodna alternatywa dla dom\u00f3w budowanych w spos\u00f3b tradycyjny. MEVELINE stworzyli ludzie z pasj\u0105 i wykszta\u0142ceniem bran\u017cowym oraz do\u015bwiadczeniem. MEVELINE stosuje przemy\u015blane rozwi\u0105zania \u2013 w\u0142asne oraz b\u0119d\u0105ce najlepszymi wzorcami na rynku. Satysfakcja, wygoda i bezpiecze\u0144stwo naszych Klient\u00f3w s\u0105 dla nas najwa\u017cniejsze. Oferujemy r\u00f3wnie\u017c indywidualne rozwi\u0105zania odpowiadaj\u0105ce r\u00f3\u017cnym potrzebom Klient\u00f3w.<\/p>","protected":false},"excerpt":{"rendered":"<p>MEVELINE produkuje gotowe, modu\u0142owe domki ca\u0142oroczne i letniskowe. Dzi\u0119ki technologii modu\u0142owego \u0142\u0105czenia mo\u017cliwe jest zam\u00f3wienie domu b\u0119d\u0105cego wielokrotno\u015bci\u0105 modu\u0142u 24m2, 35m2 lub 48m2. Dla przyk\u0142adu, dzi\u0119ki po\u0142\u0105czeniu 2 modu\u0142\u00f3w 35m2 powstaje domek o popularnym i praktycznym rozmiarze 70m2, dost\u0119pny w r\u00f3\u017cnej konfiguracji bry\u0142y oraz uk\u0142adu funkcjonalnego wn\u0119trza. Poszczeg\u00f3lne modu\u0142y dom\u00f3w, MEVELINE dostarcza jako gotowe i [&hellip;]<\/p>\n","protected":false},"author":3,"featured_media":18632,"parent":0,"menu_order":4,"comment_status":"closed","ping_status":"closed","template":"","meta":{"_seopress_robots_primary_cat":"","_seopress_titles_title":"\u2192 Domki modu\u0142owe ca\u0142oroczne bez pozwolenia","_seopress_titles_desc":"Ca\u0142oroczne domki modu\u0142owe bez pozwolenia na budow\u0119 \u2705 Wybierz sw\u00f3j uk\u0142ad, a my dostarczymy Ci wymarzony domek \u2705 608-335-111 - zadzwo\u0144 \u260e.","_seopress_robots_index":"","footnotes":""},"class_list":["post-49","page","type-page","status-publish","has-post-thumbnail","hentry"],"_links":{"self":[{"href":"https:\/\/meveline.com\/en\/wp-json\/wp\/v2\/pages\/49","targetHints":{"allow":["GET"]}}],"collection":[{"href":"https:\/\/meveline.com\/en\/wp-json\/wp\/v2\/pages"}],"about":[{"href":"https:\/\/meveline.com\/en\/wp-json\/wp\/v2\/types\/page"}],"author":[{"embeddable":true,"href":"https:\/\/meveline.com\/en\/wp-json\/wp\/v2\/users\/3"}],"replies":[{"embeddable":true,"href":"https:\/\/meveline.com\/en\/wp-json\/wp\/v2\/comments?post=49"}],"version-history":[{"count":0,"href":"https:\/\/meveline.com\/en\/wp-json\/wp\/v2\/pages\/49\/revisions"}],"wp:featuredmedia":[{"embeddable":true,"href":"https:\/\/meveline.com\/en\/wp-json\/wp\/v2\/media\/18632"}],"wp:attachment":[{"href":"https:\/\/meveline.com\/en\/wp-json\/wp\/v2\/media?parent=49"}],"curies":[{"name":"wp","href":"https:\/\/api.w.org\/{rel}","templated":true}]}}