{"id":43,"date":"2021-07-30T17:54:51","date_gmt":"2021-07-30T15:54:51","guid":{"rendered":"https:\/\/meveline.com\/?page_id=43"},"modified":"2023-10-08T09:38:02","modified_gmt":"2023-10-08T07:38:02","slug":"evelin","status":"publish","type":"page","link":"https:\/\/meveline.com\/en\/modele-domow\/evelin\/","title":{"rendered":"EVELIN"},"content":{"rendered":"","protected":false},"excerpt":{"rendered":"","protected":false},"author":3,"featured_media":21568,"parent":8,"menu_order":5,"comment_status":"closed","ping_status":"closed","template":"","meta":{"_seopress_robots_primary_cat":"","_seopress_titles_title":"\u2192 Domek ca\u0142oroczny EVELIN \u2022 MEVELINE","_seopress_titles_desc":"Domek drewniany ca\u0142oroczny EVELIN \u2705 Zobacz dost\u0119pne konfiguracje \u2705 Bogate wyposa\u017cenie dodatkowe \u2705 \u0141atwo\u015b\u0107 transportu i budowy \u2705.","_seopress_robots_index":"","footnotes":""},"class_list":["post-43","page","type-page","status-publish","has-post-thumbnail","hentry"],"meta_box":[],"_links":{"self":[{"href":"https:\/\/meveline.com\/en\/wp-json\/wp\/v2\/pages\/43","targetHints":{"allow":["GET"]}}],"collection":[{"href":"https:\/\/meveline.com\/en\/wp-json\/wp\/v2\/pages"}],"about":[{"href":"https:\/\/meveline.com\/en\/wp-json\/wp\/v2\/types\/page"}],"author":[{"embeddable":true,"href":"https:\/\/meveline.com\/en\/wp-json\/wp\/v2\/users\/3"}],"replies":[{"embeddable":true,"href":"https:\/\/meveline.com\/en\/wp-json\/wp\/v2\/comments?post=43"}],"version-history":[{"count":0,"href":"https:\/\/meveline.com\/en\/wp-json\/wp\/v2\/pages\/43\/revisions"}],"up":[{"embeddable":true,"href":"https:\/\/meveline.com\/en\/wp-json\/wp\/v2\/pages\/8"}],"wp:featuredmedia":[{"embeddable":true,"href":"https:\/\/meveline.com\/en\/wp-json\/wp\/v2\/media\/21568"}],"wp:attachment":[{"href":"https:\/\/meveline.com\/en\/wp-json\/wp\/v2\/media?parent=43"}],"curies":[{"name":"wp","href":"https:\/\/api.w.org\/{rel}","templated":true}]}}