{"id":21794,"date":"2024-04-28T10:09:42","date_gmt":"2024-04-28T08:09:42","guid":{"rendered":"https:\/\/meveline.com\/?page_id=21794"},"modified":"2024-05-25T09:15:54","modified_gmt":"2024-05-25T07:15:54","slug":"domki-kontenerowe","status":"publish","type":"page","link":"https:\/\/meveline.com\/en\/domki-kontenerowe\/","title":{"rendered":"Domki kontenerowe"},"content":{"rendered":"<p>MEVELINE projektuje i produkuje stylowe domki rekreacyjne i ca\u0142oroczne. W szerokiej gamie oferowanych domk\u00f3w znajduje si\u0119 model MEVA z p\u0142askim dachem. Ten model przypomina domki kontenerowe budowane na bazie kontener\u00f3w morskich. W przeciwie\u0144stwie do rozwi\u0105za\u0144 opartych na przebudowie kontener\u00f3w morskich, MEVA jest domem szerszym a wi\u0119c niepor\u00f3wnywalnie bardziej funkcjonanym. Rozwi\u0105zanie MEVELINE b\u0119dzie r\u00f3wnie\u017c niepor\u00f3wnywalnie skuteczniej ocieplone dzi\u0119ki grubszej izolacji i minimalnej ilo\u015bci mostk\u00f3w termicznych. W przypadku domk\u00f3w kontenerowych MEVELINE zwi\u0119kszaj\u0105 si\u0119 mo\u017cliwo\u015bci, zar\u00f3wno w aran\u017cacji wn\u0119trza jak i obszarze dostosowania wymiar\u00f3w do konkretnych potrzeb u\u017cytkownik\u00f3w. Ca\u0142oroczne domki kontenerowe to r\u00f3wnie\u017c dobre rozwi\u0105zanie jako tymczasowe lokum dla wielu sytuacji - pocz\u0105wszy od plac\u00f3w bud\u00f3w a sko\u0144czywszy na potrzebie zaspokajania nag\u0142ych potrzeb spo\u0142ecznych na przyk\u0142ad przy kl\u0119skach \u017cywio\u0142owych.<\/p>","protected":false},"excerpt":{"rendered":"<p>MEVELINE projektuje i produkuje stylowe domki rekreacyjne i ca\u0142oroczne. W szerokiej gamie oferowanych domk\u00f3w znajduje si\u0119 model MEVA z p\u0142askim dachem. Ten model przypomina domki kontenerowe budowane na bazie kontener\u00f3w morskich. W przeciwie\u0144stwie do rozwi\u0105za\u0144 opartych na przebudowie kontener\u00f3w morskich, MEVA jest domem szerszym a wi\u0119c niepor\u00f3wnywalnie bardziej funkcjonanym. Rozwi\u0105zanie MEVELINE b\u0119dzie r\u00f3wnie\u017c niepor\u00f3wnywalnie skuteczniej [&hellip;]<\/p>\n","protected":false},"author":2,"featured_media":21696,"parent":0,"menu_order":0,"comment_status":"closed","ping_status":"closed","template":"","meta":{"_seopress_robots_primary_cat":"","_seopress_titles_title":"Domki kontenerowe \u2022 Wiele modeli \u2022 R\u00f3\u017cne metra\u017ce","_seopress_titles_desc":"Zobacz domki kontenerowe od polskiego producenta Meveline \u2b50 Wybierz model i metra\u017c \u261d\ufe0f Dost\u0119pne opcje urz\u0105dzenia domku pod klucz \u2b50.","_seopress_robots_index":"","footnotes":""},"class_list":["post-21794","page","type-page","status-publish","has-post-thumbnail","hentry"],"meta_box":[],"_links":{"self":[{"href":"https:\/\/meveline.com\/en\/wp-json\/wp\/v2\/pages\/21794","targetHints":{"allow":["GET"]}}],"collection":[{"href":"https:\/\/meveline.com\/en\/wp-json\/wp\/v2\/pages"}],"about":[{"href":"https:\/\/meveline.com\/en\/wp-json\/wp\/v2\/types\/page"}],"author":[{"embeddable":true,"href":"https:\/\/meveline.com\/en\/wp-json\/wp\/v2\/users\/2"}],"replies":[{"embeddable":true,"href":"https:\/\/meveline.com\/en\/wp-json\/wp\/v2\/comments?post=21794"}],"version-history":[{"count":2,"href":"https:\/\/meveline.com\/en\/wp-json\/wp\/v2\/pages\/21794\/revisions"}],"predecessor-version":[{"id":21822,"href":"https:\/\/meveline.com\/en\/wp-json\/wp\/v2\/pages\/21794\/revisions\/21822"}],"wp:featuredmedia":[{"embeddable":true,"href":"https:\/\/meveline.com\/en\/wp-json\/wp\/v2\/media\/21696"}],"wp:attachment":[{"href":"https:\/\/meveline.com\/en\/wp-json\/wp\/v2\/media?parent=21794"}],"curies":[{"name":"wp","href":"https:\/\/api.w.org\/{rel}","templated":true}]}}