{"id":21790,"date":"2024-04-28T09:57:45","date_gmt":"2024-04-28T07:57:45","guid":{"rendered":"https:\/\/meveline.com\/?page_id=21790"},"modified":"2024-05-07T17:35:48","modified_gmt":"2024-05-07T15:35:48","slug":"domki-modulowe-stodola","status":"publish","type":"page","link":"https:\/\/meveline.com\/en\/domki-modulowe-stodola\/","title":{"rendered":"Domki modu\u0142owe stodo\u0142a"},"content":{"rendered":"<p>MEVELINE ma w swojej ofercie domki i domy modu\u0142owe typu stodo\u0142a. Najpopularniejsze modele w tej stylistyce to VELI, EVELIN i modu\u0142owy DEVA. To s\u0105 domy o powierzchni od 35m2 do 94m2. Cech\u0105 charakterystyczn\u0105 tych dom\u00f3w jest bardzo du\u017ce przeszklenie przedniej \u015bciany szczytowej oraz oczywi\u015bcie charakterystyczny kszta\u0142t bry\u0142y, przypominaj\u0105cy nic innego jak ... stodo\u0142\u0119. Domki modu\u0142owe stodo\u0142a to najcz\u0119\u015bciej wybierane modele przez klient\u00f3w MEVELINE. W tych domach cz\u0119\u015b\u0107 dzienna znajduje si\u0119 od strony przeszklonej \u015bciany szczytowe a po drugiej stronie domy zlokalizowane s\u0105 sypialnie i \u0142azienka. Dzi\u0119ki tak zaprojektowanemu uk\u0142adowi wn\u0119trza i przy przemy\u015blanym usytuowaniu na dzia\u0142ce pojawiaj\u0105 si\u0119 dodatkowe mo\u017cliwo\u015bci korzystania z dost\u0119pnego za oknem widoku lub tarasu.<\/p>","protected":false},"excerpt":{"rendered":"<p>MEVELINE ma w swojej ofercie domki i domy modu\u0142owe typu stodo\u0142a. Najpopularniejsze modele w tej stylistyce to VELI, EVELIN i modu\u0142owy DEVA. To s\u0105 domy o powierzchni od 35m2 do 94m2. Cech\u0105 charakterystyczn\u0105 tych dom\u00f3w jest bardzo du\u017ce przeszklenie przedniej \u015bciany szczytowej oraz oczywi\u015bcie charakterystyczny kszta\u0142t bry\u0142y, przypominaj\u0105cy nic innego jak ... stodo\u0142\u0119. Domki modu\u0142owe [&hellip;]<\/p>\n","protected":false},"author":2,"featured_media":21699,"parent":0,"menu_order":0,"comment_status":"closed","ping_status":"closed","template":"","meta":{"_seopress_robots_primary_cat":"","_seopress_titles_title":"Domki modu\u0142owe stodo\u0142a \u2022 Wiele modeli \u2022 R\u00f3\u017cne metra\u017ce","_seopress_titles_desc":"Domki modu\u0142owe stodo\u0142a od polskiego producenta Meveline \u2b50 Wybierz model i metra\u017c \u261d\ufe0f Dost\u0119pne opcje urz\u0105dzenia domku pod klucz \u2b50.","_seopress_robots_index":"","footnotes":""},"class_list":["post-21790","page","type-page","status-publish","has-post-thumbnail","hentry"],"_links":{"self":[{"href":"https:\/\/meveline.com\/en\/wp-json\/wp\/v2\/pages\/21790","targetHints":{"allow":["GET"]}}],"collection":[{"href":"https:\/\/meveline.com\/en\/wp-json\/wp\/v2\/pages"}],"about":[{"href":"https:\/\/meveline.com\/en\/wp-json\/wp\/v2\/types\/page"}],"author":[{"embeddable":true,"href":"https:\/\/meveline.com\/en\/wp-json\/wp\/v2\/users\/2"}],"replies":[{"embeddable":true,"href":"https:\/\/meveline.com\/en\/wp-json\/wp\/v2\/comments?post=21790"}],"version-history":[{"count":1,"href":"https:\/\/meveline.com\/en\/wp-json\/wp\/v2\/pages\/21790\/revisions"}],"predecessor-version":[{"id":21791,"href":"https:\/\/meveline.com\/en\/wp-json\/wp\/v2\/pages\/21790\/revisions\/21791"}],"wp:featuredmedia":[{"embeddable":true,"href":"https:\/\/meveline.com\/en\/wp-json\/wp\/v2\/media\/21699"}],"wp:attachment":[{"href":"https:\/\/meveline.com\/en\/wp-json\/wp\/v2\/media?parent=21790"}],"curies":[{"name":"wp","href":"https:\/\/api.w.org\/{rel}","templated":true}]}}