{"id":21786,"date":"2024-04-28T09:42:07","date_gmt":"2024-04-28T07:42:07","guid":{"rendered":"https:\/\/meveline.com\/?page_id=21786"},"modified":"2024-05-07T17:57:10","modified_gmt":"2024-05-07T15:57:10","slug":"domki-letniskowe-z-antresola","status":"publish","type":"page","link":"https:\/\/meveline.com\/en\/domki-letniskowe-z-antresola\/","title":{"rendered":"Domki letniskowe z antresol\u0105"},"content":{"rendered":"<p>MEVELINE jest producentem gotowych dom\u00f3w ca\u0142orocznych i domk\u00f3w letniskowych. W ofercie s\u0105 domy w r\u00f3\u017cnej stylistyce i o powierzchni od 24m2 do 94m2. Domy s\u0105 dostarczane na miejsce jako gotowe, w ca\u0142o\u015bci lub w modu\u0142ach i mog\u0105 by\u0107 niemal natychmiast zamieszkane. W niekt\u00f3rych modelach, takich jak SEVA, VELI, EVELINE mo\u017cliwe jest wykonanie niewielkiej antresoli. Takie miejsce to dobry pomys\u0142 na wykorzystanie dodatkowej kubatury, dost\u0119pnej w domach z podniesionym dachem. Antresola, cho\u0107 niezbyt wysoka, doskonale nadaje si\u0119 jako miejsce zabaw dla dzieci lub dodatkowe miejsce do spania, r\u00f3wnie\u017c dla doros\u0142ych. Mo\u017ce r\u00f3wnie\u017c s\u0142u\u017cy\u0107 jako pomieszczenie techniczne do przechowywania rzeczy. Antresola najlepiej sprawdza si\u0119 w domach o powierzchni 48m2 i 55m2, gdzie jest wi\u0119cej miejsca do wygodnego wejscia na ni\u0105. W ka\u017cdym przypadku dodatkowe metry kwadratowe powierzchni w ma\u0142ych domach s\u0105 cenione przez u\u017cytkownik\u00f3w. Takie dodatkowe miejsce w domku letniskowym lub ca\u0142orocznym do ekonomiczny spos\u00f3b na zwi\u0119kszenie powierzchni. Podobnie jest z tarasem zewn\u0119trznym kt\u00f3rym z \u0142atwo\u015bci\u0105 mo\u017cemy nawet podwoi\u0107 dost\u0119pn\u0105 latem przestrze\u0144.<\/p>","protected":false},"excerpt":{"rendered":"<p>MEVELINE jest producentem gotowych dom\u00f3w ca\u0142orocznych i domk\u00f3w letniskowych. W ofercie s\u0105 domy w r\u00f3\u017cnej stylistyce i o powierzchni od 24m2 do 94m2. Domy s\u0105 dostarczane na miejsce jako gotowe, w ca\u0142o\u015bci lub w modu\u0142ach i mog\u0105 by\u0107 niemal natychmiast zamieszkane. W niekt\u00f3rych modelach, takich jak SEVA, VELI, EVELINE mo\u017cliwe jest wykonanie niewielkiej antresoli. Takie [&hellip;]<\/p>\n","protected":false},"author":2,"featured_media":21694,"parent":0,"menu_order":0,"comment_status":"closed","ping_status":"closed","template":"","meta":{"_seopress_robots_primary_cat":"","_seopress_titles_title":"Domki letniskowe z antresol\u0105 \u2022 Wiele modeli \u2022 R\u00f3\u017cne metra\u017ce","_seopress_titles_desc":"Domki letniskowe z antresol\u0105 od polskiego producenta Meveline \u2b50 Wybierz model i metra\u017c \u261d\ufe0f Dost\u0119pne opcje urz\u0105dzenia domku pod klucz \u2b50.","_seopress_robots_index":"","footnotes":""},"class_list":["post-21786","page","type-page","status-publish","has-post-thumbnail","hentry"],"meta_box":[],"_links":{"self":[{"href":"https:\/\/meveline.com\/en\/wp-json\/wp\/v2\/pages\/21786","targetHints":{"allow":["GET"]}}],"collection":[{"href":"https:\/\/meveline.com\/en\/wp-json\/wp\/v2\/pages"}],"about":[{"href":"https:\/\/meveline.com\/en\/wp-json\/wp\/v2\/types\/page"}],"author":[{"embeddable":true,"href":"https:\/\/meveline.com\/en\/wp-json\/wp\/v2\/users\/2"}],"replies":[{"embeddable":true,"href":"https:\/\/meveline.com\/en\/wp-json\/wp\/v2\/comments?post=21786"}],"version-history":[{"count":1,"href":"https:\/\/meveline.com\/en\/wp-json\/wp\/v2\/pages\/21786\/revisions"}],"predecessor-version":[{"id":21787,"href":"https:\/\/meveline.com\/en\/wp-json\/wp\/v2\/pages\/21786\/revisions\/21787"}],"wp:featuredmedia":[{"embeddable":true,"href":"https:\/\/meveline.com\/en\/wp-json\/wp\/v2\/media\/21694"}],"wp:attachment":[{"href":"https:\/\/meveline.com\/en\/wp-json\/wp\/v2\/media?parent=21786"}],"curies":[{"name":"wp","href":"https:\/\/api.w.org\/{rel}","templated":true}]}}