{"id":21781,"date":"2024-04-25T11:19:03","date_gmt":"2024-04-25T09:19:03","guid":{"rendered":"https:\/\/meveline.com\/?page_id=21781"},"modified":"2024-05-07T17:38:17","modified_gmt":"2024-05-07T15:38:17","slug":"producent-domkow-letniskowych-calorocznych-warszawa","status":"publish","type":"page","link":"https:\/\/meveline.com\/en\/producent-domkow-letniskowych-calorocznych-warszawa\/","title":{"rendered":"Domki letniskowe ca\u0142oroczne - Warszawa"},"content":{"rendered":"<p>MEVELINE to polski producent gotowych domk\u00f3w ca\u0142orocznych i letniskowych, dostarczaj\u0105cy swoje produkty r\u00f3wnie\u017c na teren Warszawy i okolic. Nasze domy, projektowane i wykonane od podstaw, cechuj\u0105 si\u0119 nie tylko wysok\u0105 jako\u015bci\u0105, ale tak\u017ce funkcjonalno\u015bci\u0105 i estetyk\u0105. Pomimo cz\u0119stego wykorzystania drewna w wyko\u0144czeniu zewn\u0119trznym, nasza technologia opiera si\u0119 na trwa\u0142ym szkielecie stalowym, zapewniaj\u0105c niezr\u00f3wnan\u0105 wytrzyma\u0142o\u015b\u0107 i trwa\u0142o\u015b\u0107. Dzi\u0119ki bezpo\u015bredniemu kontaktowi z klientem, oferujemy konkurencyjne ceny oraz dostosowane rozwi\u0105zania spe\u0142niaj\u0105ce indywidualne potrzeby ka\u017cdego z naszych klient\u00f3w w Warszawie.<\/p>","protected":false},"excerpt":{"rendered":"<p>MEVELINE to polski producent gotowych domk\u00f3w ca\u0142orocznych i letniskowych, dostarczaj\u0105cy swoje produkty r\u00f3wnie\u017c na teren Warszawy i okolic. Nasze domy, projektowane i wykonane od podstaw, cechuj\u0105 si\u0119 nie tylko wysok\u0105 jako\u015bci\u0105, ale tak\u017ce funkcjonalno\u015bci\u0105 i estetyk\u0105. Pomimo cz\u0119stego wykorzystania drewna w wyko\u0144czeniu zewn\u0119trznym, nasza technologia opiera si\u0119 na trwa\u0142ym szkielecie stalowym, zapewniaj\u0105c niezr\u00f3wnan\u0105 wytrzyma\u0142o\u015b\u0107 i [&hellip;]<\/p>\n","protected":false},"author":2,"featured_media":21558,"parent":0,"menu_order":0,"comment_status":"closed","ping_status":"closed","template":"","meta":{"_seopress_robots_primary_cat":"","_seopress_titles_title":"Domki letniskowe ca\u0142oroczne Warszawa \u2022 Wiele modeli \u2022 R\u00f3\u017cne metra\u017ce","_seopress_titles_desc":"Domki letniskowe ca\u0142oroczne od polskiego producenta Meveline \u2b50 Wybierz model i metra\u017c \u261d\ufe0f Dost\u0119pne opcje urz\u0105dzenia domku pod klucz \u2b50.","_seopress_robots_index":"","footnotes":""},"class_list":["post-21781","page","type-page","status-publish","has-post-thumbnail","hentry"],"_links":{"self":[{"href":"https:\/\/meveline.com\/en\/wp-json\/wp\/v2\/pages\/21781","targetHints":{"allow":["GET"]}}],"collection":[{"href":"https:\/\/meveline.com\/en\/wp-json\/wp\/v2\/pages"}],"about":[{"href":"https:\/\/meveline.com\/en\/wp-json\/wp\/v2\/types\/page"}],"author":[{"embeddable":true,"href":"https:\/\/meveline.com\/en\/wp-json\/wp\/v2\/users\/2"}],"replies":[{"embeddable":true,"href":"https:\/\/meveline.com\/en\/wp-json\/wp\/v2\/comments?post=21781"}],"version-history":[{"count":2,"href":"https:\/\/meveline.com\/en\/wp-json\/wp\/v2\/pages\/21781\/revisions"}],"predecessor-version":[{"id":21812,"href":"https:\/\/meveline.com\/en\/wp-json\/wp\/v2\/pages\/21781\/revisions\/21812"}],"wp:featuredmedia":[{"embeddable":true,"href":"https:\/\/meveline.com\/en\/wp-json\/wp\/v2\/media\/21558"}],"wp:attachment":[{"href":"https:\/\/meveline.com\/en\/wp-json\/wp\/v2\/media?parent=21781"}],"curies":[{"name":"wp","href":"https:\/\/api.w.org\/{rel}","templated":true}]}}