{"id":21769,"date":"2024-04-22T19:14:49","date_gmt":"2024-04-22T17:14:49","guid":{"rendered":"https:\/\/meveline.com\/?page_id=21769"},"modified":"2024-05-07T17:42:26","modified_gmt":"2024-05-07T15:42:26","slug":"producent-domkow-letniskowych-calorocznych-lodz","status":"publish","type":"page","link":"https:\/\/meveline.com\/en\/producent-domkow-letniskowych-calorocznych-lodz\/","title":{"rendered":"Domki letniskowe ca\u0142oroczne \u0141\u00f3d\u017a"},"content":{"rendered":"<p>MEVELINE to polski producent gotowych domk\u00f3w ca\u0142orocznych i letniskowych, dostarczaj\u0105cy swoje produkty r\u00f3wnie\u017c do mieszka\u0144c\u00f3w \u0141odzi oraz pobliskich region\u00f3w. Projektujemy i wykonujemy domy samodzielnie od A do Z, zapewniaj\u0105c wysok\u0105 jako\u015b\u0107 oraz indywidualne podej\u015bcie do potrzeb klienta. Nasza oferta obejmuje r\u00f3\u017cnorodne modele domk\u00f3w, kt\u00f3re mo\u017cna dostosowa\u0107 do w\u0142asnych preferencji i wymaga\u0144, niezale\u017cnie od tego, czy szukasz domku letniskowego czy ca\u0142orocznego w \u0141odzi i okolicach. Jako producent domk\u00f3w letniskowych i ca\u0142orocznych, dzia\u0142amy na rynku m.in. \u0142\u00f3dzkim od lat, zdobywaj\u0105c zaufanie klient\u00f3w poprzez wysok\u0105 jako\u015b\u0107 naszych produkt\u00f3w oraz profesjonaln\u0105 obs\u0142ug\u0119. Nasze domki wyr\u00f3\u017cniaj\u0105 si\u0119 nie tylko atrakcyjnym designem, ale r\u00f3wnie\u017c solidno\u015bci\u0105 wykonania i dba\u0142o\u015bci\u0105 o detale, co czyni je doskona\u0142ym wyborem dla mieszka\u0144c\u00f3w \u0141odzi pragn\u0105cych stworzy\u0107 wyj\u0105tkowe miejsce do wypoczynku i zamieszkania.<\/p>","protected":false},"excerpt":{"rendered":"<p>MEVELINE to polski producent gotowych domk\u00f3w ca\u0142orocznych i letniskowych, dostarczaj\u0105cy swoje produkty r\u00f3wnie\u017c do mieszka\u0144c\u00f3w \u0141odzi oraz pobliskich region\u00f3w. Projektujemy i wykonujemy domy samodzielnie od A do Z, zapewniaj\u0105c wysok\u0105 jako\u015b\u0107 oraz indywidualne podej\u015bcie do potrzeb klienta. Nasza oferta obejmuje r\u00f3\u017cnorodne modele domk\u00f3w, kt\u00f3re mo\u017cna dostosowa\u0107 do w\u0142asnych preferencji i wymaga\u0144, niezale\u017cnie od tego, czy [&hellip;]<\/p>\n","protected":false},"author":2,"featured_media":21640,"parent":0,"menu_order":0,"comment_status":"closed","ping_status":"closed","template":"","meta":{"_seopress_robots_primary_cat":"","_seopress_titles_title":"Domki letniskowe ca\u0142oroczne \u0141\u00f3d\u017a \u2022 Wiele modeli \u2022 R\u00f3\u017cne metra\u017ce","_seopress_titles_desc":"Domki letniskowe ca\u0142oroczne od polskiego producenta Meveline \u2b50 Wybierz model i metra\u017c \u261d\ufe0f Dost\u0119pne opcje urz\u0105dzenia domku pod klucz \u2b50.","_seopress_robots_index":"","footnotes":""},"class_list":["post-21769","page","type-page","status-publish","has-post-thumbnail","hentry"],"meta_box":[],"_links":{"self":[{"href":"https:\/\/meveline.com\/en\/wp-json\/wp\/v2\/pages\/21769","targetHints":{"allow":["GET"]}}],"collection":[{"href":"https:\/\/meveline.com\/en\/wp-json\/wp\/v2\/pages"}],"about":[{"href":"https:\/\/meveline.com\/en\/wp-json\/wp\/v2\/types\/page"}],"author":[{"embeddable":true,"href":"https:\/\/meveline.com\/en\/wp-json\/wp\/v2\/users\/2"}],"replies":[{"embeddable":true,"href":"https:\/\/meveline.com\/en\/wp-json\/wp\/v2\/comments?post=21769"}],"version-history":[{"count":3,"href":"https:\/\/meveline.com\/en\/wp-json\/wp\/v2\/pages\/21769\/revisions"}],"predecessor-version":[{"id":21815,"href":"https:\/\/meveline.com\/en\/wp-json\/wp\/v2\/pages\/21769\/revisions\/21815"}],"wp:featuredmedia":[{"embeddable":true,"href":"https:\/\/meveline.com\/en\/wp-json\/wp\/v2\/media\/21640"}],"wp:attachment":[{"href":"https:\/\/meveline.com\/en\/wp-json\/wp\/v2\/media?parent=21769"}],"curies":[{"name":"wp","href":"https:\/\/api.w.org\/{rel}","templated":true}]}}