{"id":18769,"date":"2022-01-07T11:06:13","date_gmt":"2022-01-07T10:06:13","guid":{"rendered":"https:\/\/meveline.com\/?page_id=18769"},"modified":"2022-01-11T17:11:58","modified_gmt":"2022-01-11T16:11:58","slug":"deva-1","status":"publish","type":"page","link":"https:\/\/meveline.com\/en\/modele-domow\/deva\/deva-1\/","title":{"rendered":"Deva 1"},"content":{"rendered":"","protected":false},"excerpt":{"rendered":"","protected":false},"author":2,"featured_media":0,"parent":18574,"menu_order":1,"comment_status":"closed","ping_status":"closed","template":"","meta":{"_seopress_robots_primary_cat":"","_seopress_titles_title":"\u2192 Domek ca\u0142oroczny DEVA 1 \u2022 70m2 \u2022 MEVELINE","_seopress_titles_desc":"Domek drewniany ca\u0142oroczny DEVA 1 \u2705 Zobacz dost\u0119pne konfiguracje \u2705 Bogate wyposa\u017cenie dodatkowe \u2705 \u0141atwo\u015b\u0107 transportu i budowy \u2705.","_seopress_robots_index":"","footnotes":""},"class_list":["post-18769","page","type-page","status-publish","hentry"],"meta_box":[],"_links":{"self":[{"href":"https:\/\/meveline.com\/en\/wp-json\/wp\/v2\/pages\/18769","targetHints":{"allow":["GET"]}}],"collection":[{"href":"https:\/\/meveline.com\/en\/wp-json\/wp\/v2\/pages"}],"about":[{"href":"https:\/\/meveline.com\/en\/wp-json\/wp\/v2\/types\/page"}],"author":[{"embeddable":true,"href":"https:\/\/meveline.com\/en\/wp-json\/wp\/v2\/users\/2"}],"replies":[{"embeddable":true,"href":"https:\/\/meveline.com\/en\/wp-json\/wp\/v2\/comments?post=18769"}],"version-history":[{"count":0,"href":"https:\/\/meveline.com\/en\/wp-json\/wp\/v2\/pages\/18769\/revisions"}],"up":[{"embeddable":true,"href":"https:\/\/meveline.com\/en\/wp-json\/wp\/v2\/pages\/18574"}],"wp:attachment":[{"href":"https:\/\/meveline.com\/en\/wp-json\/wp\/v2\/media?parent=18769"}],"curies":[{"name":"wp","href":"https:\/\/api.w.org\/{rel}","templated":true}]}}