{"id":18547,"date":"2021-09-30T12:14:15","date_gmt":"2021-09-30T10:14:15","guid":{"rendered":"https:\/\/meveline.com\/?page_id=18547"},"modified":"2022-01-11T16:57:47","modified_gmt":"2022-01-11T15:57:47","slug":"seva-4","status":"publish","type":"page","link":"https:\/\/meveline.com\/en\/modele-domow\/seva\/seva-4\/","title":{"rendered":"SEVA 4"},"content":{"rendered":"","protected":false},"excerpt":{"rendered":"","protected":false},"author":3,"featured_media":0,"parent":41,"menu_order":4,"comment_status":"closed","ping_status":"closed","template":"","meta":{"_seopress_robots_primary_cat":"","_seopress_titles_title":"\u2192 Domek ca\u0142oroczny SEVA 4 \u2022 35m2 \u2022 MEVELINE","_seopress_titles_desc":"Domek drewniany ca\u0142oroczny SEVA 4 \u2705 Zobacz dost\u0119pne konfiguracje \u2705 Bogate wyposa\u017cenie dodatkowe \u2705 \u0141atwo\u015b\u0107 transportu i budowy \u2705.","_seopress_robots_index":"","footnotes":""},"class_list":["post-18547","page","type-page","status-publish","hentry"],"meta_box":[],"_links":{"self":[{"href":"https:\/\/meveline.com\/en\/wp-json\/wp\/v2\/pages\/18547","targetHints":{"allow":["GET"]}}],"collection":[{"href":"https:\/\/meveline.com\/en\/wp-json\/wp\/v2\/pages"}],"about":[{"href":"https:\/\/meveline.com\/en\/wp-json\/wp\/v2\/types\/page"}],"author":[{"embeddable":true,"href":"https:\/\/meveline.com\/en\/wp-json\/wp\/v2\/users\/3"}],"replies":[{"embeddable":true,"href":"https:\/\/meveline.com\/en\/wp-json\/wp\/v2\/comments?post=18547"}],"version-history":[{"count":0,"href":"https:\/\/meveline.com\/en\/wp-json\/wp\/v2\/pages\/18547\/revisions"}],"up":[{"embeddable":true,"href":"https:\/\/meveline.com\/en\/wp-json\/wp\/v2\/pages\/41"}],"wp:attachment":[{"href":"https:\/\/meveline.com\/en\/wp-json\/wp\/v2\/media?parent=18547"}],"curies":[{"name":"wp","href":"https:\/\/api.w.org\/{rel}","templated":true}]}}