{"id":18078,"date":"2021-08-04T11:28:06","date_gmt":"2021-08-04T09:28:06","guid":{"rendered":"https:\/\/meveline.com\/?page_id=18078"},"modified":"2023-02-12T13:17:37","modified_gmt":"2023-02-12T12:17:37","slug":"optional-equipment-and-finish","status":"publish","type":"page","link":"https:\/\/meveline.com\/en\/optional-equipment-and-finish\/","title":{"rendered":"Optional equipment and finish"},"content":{"rendered":"","protected":false},"excerpt":{"rendered":"","protected":false},"author":3,"featured_media":18166,"parent":0,"menu_order":13,"comment_status":"closed","ping_status":"closed","template":"","meta":{"_seopress_robots_primary_cat":"","_seopress_titles_title":"\u2192 Wyposa\u017cenie dodatkowe \u2022 MEVELINE","_seopress_titles_desc":"Sprawd\u017a mo\u017cliwo\u015bci w zakresie wyposa\u017cenia dodatkowego naszych domk\u00f3w \u2705 Chcesz wi\u0119cej? \u2705 Skontaktuj si\u0119 z nami 608-335-111 - zadzwo\u0144 \u260e.","_seopress_robots_index":"","footnotes":""},"class_list":["post-18078","page","type-page","status-publish","has-post-thumbnail","hentry"],"_links":{"self":[{"href":"https:\/\/meveline.com\/en\/wp-json\/wp\/v2\/pages\/18078","targetHints":{"allow":["GET"]}}],"collection":[{"href":"https:\/\/meveline.com\/en\/wp-json\/wp\/v2\/pages"}],"about":[{"href":"https:\/\/meveline.com\/en\/wp-json\/wp\/v2\/types\/page"}],"author":[{"embeddable":true,"href":"https:\/\/meveline.com\/en\/wp-json\/wp\/v2\/users\/3"}],"replies":[{"embeddable":true,"href":"https:\/\/meveline.com\/en\/wp-json\/wp\/v2\/comments?post=18078"}],"version-history":[{"count":0,"href":"https:\/\/meveline.com\/en\/wp-json\/wp\/v2\/pages\/18078\/revisions"}],"wp:featuredmedia":[{"embeddable":true,"href":"https:\/\/meveline.com\/en\/wp-json\/wp\/v2\/media\/18166"}],"wp:attachment":[{"href":"https:\/\/meveline.com\/en\/wp-json\/wp\/v2\/media?parent=18078"}],"curies":[{"name":"wp","href":"https:\/\/api.w.org\/{rel}","templated":true}]}}