{"id":51,"date":"2021-07-30T17:56:31","date_gmt":"2021-07-30T15:56:31","guid":{"rendered":"https:\/\/meveline.com\/?page_id=51"},"modified":"2022-01-11T17:13:04","modified_gmt":"2022-01-11T16:13:04","slug":"domki-mobilne","status":"publish","type":"page","link":"https:\/\/meveline.com\/de\/domki-mobilne\/","title":{"rendered":"Domki mobilne ca\u0142oroczne i letniskowe"},"content":{"rendered":"<p>MEVELINE jest producentem gotowych dom\u00f3w mobilnych w wersji ca\u0142orocznej i letniskowej. Nasze popularne rozmiary dom\u00f3w to powierzchnie 35m2 oraz 70m2 w wersji modu\u0142owej. Ka\u017cdy dom jest wyposa\u017cony w autorski system podwozia dzi\u0119ki kt\u00f3remu dom uzyskuje mobilno\u015b\u0107 - wje\u017cd\u017ca na platform\u0119 transportow\u0105, zje\u017cd\u017ca z niej oraz jest holowany na docelowe miejsca posadowienia. <\/p>\n\n\n\n<p>Funkcja mobilno\u015bci mo\u017ce by\u0107 skutecznie zamaskowana a dom b\u0142yskawicznie wkomponowuje si\u0119 w otoczenie i jest gotowy do zamieszkania. Domy s\u0105 dostarczane na miejsce jako gotowe i w ca\u0142o\u015bci a ich posadowienie zwykle nie wymaga fundament\u00f3w. Domy s\u0105 wykonywane w technologii trwa\u0142ego i sztywnego szkieletu stalowego uzupe\u0142nianego elementami drewnianymi oraz s\u0105 starannie ocieplone.<\/p>\n\n\n\n<p>Gotowe domy mobilne MEVELINE to doskona\u0142a alternatywa dla niewielkich dom\u00f3w budowanych tradycyjnymi metodami. Dom mo\u017ce zosta\u0107 zamieszkany po kilkunastu godzinach od dowiezienia na miejsce. MEVELINE tworz\u0105 ludzie z pasj\u0105 popart\u0105 wykszta\u0142ceniem bran\u017cowym i do\u015bwiadczeniem. Stosujemy przemy\u015blane rozwi\u0105zania \u2013 autorskie oraz b\u0119d\u0105ce najlepszymi wzorcami na rynku. Satysfakcja, wygoda i bezpiecze\u0144stwo naszych Klient\u00f3w s\u0105 dla nas najwa\u017cniejsze. Oferujemy r\u00f3wnie\u017c indywidualne rozwi\u0105zania odpowiadaj\u0105ce r\u00f3\u017cnym potrzebom Klient\u00f3w.<\/p>","protected":false},"excerpt":{"rendered":"<p>MEVELINE jest producentem gotowych dom\u00f3w mobilnych w wersji ca\u0142orocznej i letniskowej. Nasze popularne rozmiary dom\u00f3w to powierzchnie 35m2 oraz 70m2 w wersji modu\u0142owej. Ka\u017cdy dom jest wyposa\u017cony w autorski system podwozia dzi\u0119ki kt\u00f3remu dom uzyskuje mobilno\u015b\u0107 - wje\u017cd\u017ca na platform\u0119 transportow\u0105, zje\u017cd\u017ca z niej oraz jest holowany na docelowe miejsca posadowienia. Funkcja mobilno\u015bci mo\u017ce by\u0107 [&hellip;]<\/p>\n","protected":false},"author":3,"featured_media":18135,"parent":0,"menu_order":3,"comment_status":"closed","ping_status":"closed","template":"","meta":{"_seopress_robots_primary_cat":"","_seopress_titles_title":"\u2192 Domki mobilne ca\u0142oroczne bez pozwolenia","_seopress_titles_desc":"Domki mobilne ca\u0142oroczne od MEVELINE \u2705 Sprawd\u017a nasz\u0105 ofert\u0119 domk\u00f3w mobilnych ca\u0142orocznych bez pozwolenia \u2705 608-335-111 - zadzwo\u0144 \u260e.","_seopress_robots_index":"","footnotes":""},"class_list":["post-51","page","type-page","status-publish","has-post-thumbnail","hentry"],"meta_box":[],"_links":{"self":[{"href":"https:\/\/meveline.com\/de\/wp-json\/wp\/v2\/pages\/51","targetHints":{"allow":["GET"]}}],"collection":[{"href":"https:\/\/meveline.com\/de\/wp-json\/wp\/v2\/pages"}],"about":[{"href":"https:\/\/meveline.com\/de\/wp-json\/wp\/v2\/types\/page"}],"author":[{"embeddable":true,"href":"https:\/\/meveline.com\/de\/wp-json\/wp\/v2\/users\/3"}],"replies":[{"embeddable":true,"href":"https:\/\/meveline.com\/de\/wp-json\/wp\/v2\/comments?post=51"}],"version-history":[{"count":0,"href":"https:\/\/meveline.com\/de\/wp-json\/wp\/v2\/pages\/51\/revisions"}],"wp:featuredmedia":[{"embeddable":true,"href":"https:\/\/meveline.com\/de\/wp-json\/wp\/v2\/media\/18135"}],"wp:attachment":[{"href":"https:\/\/meveline.com\/de\/wp-json\/wp\/v2\/media?parent=51"}],"curies":[{"name":"wp","href":"https:\/\/api.w.org\/{rel}","templated":true}]}}