{"id":47,"date":"2021-07-30T17:55:36","date_gmt":"2021-07-30T15:55:36","guid":{"rendered":"https:\/\/meveline.com\/?page_id=47"},"modified":"2022-01-15T16:20:17","modified_gmt":"2022-01-15T15:20:17","slug":"reva","status":"publish","type":"page","link":"https:\/\/meveline.com\/de\/modele-domow\/reva\/","title":{"rendered":"Reva"},"content":{"rendered":"","protected":false},"excerpt":{"rendered":"","protected":false},"author":3,"featured_media":18790,"parent":8,"menu_order":6,"comment_status":"closed","ping_status":"closed","template":"","meta":{"_seopress_robots_primary_cat":"","_seopress_titles_title":"\u2192 Domek ca\u0142oroczny REVA \u2022 MEVELINE","_seopress_titles_desc":"Domek drewniany ca\u0142oroczny REVA \u2705 Zobacz dost\u0119pne konfiguracje \u2705 Bogate wyposa\u017cenie dodatkowe \u2705 \u0141atwo\u015b\u0107 transportu i budowy \u2705.","_seopress_robots_index":"","footnotes":""},"class_list":["post-47","page","type-page","status-publish","has-post-thumbnail","hentry"],"meta_box":[],"_links":{"self":[{"href":"https:\/\/meveline.com\/de\/wp-json\/wp\/v2\/pages\/47","targetHints":{"allow":["GET"]}}],"collection":[{"href":"https:\/\/meveline.com\/de\/wp-json\/wp\/v2\/pages"}],"about":[{"href":"https:\/\/meveline.com\/de\/wp-json\/wp\/v2\/types\/page"}],"author":[{"embeddable":true,"href":"https:\/\/meveline.com\/de\/wp-json\/wp\/v2\/users\/3"}],"replies":[{"embeddable":true,"href":"https:\/\/meveline.com\/de\/wp-json\/wp\/v2\/comments?post=47"}],"version-history":[{"count":0,"href":"https:\/\/meveline.com\/de\/wp-json\/wp\/v2\/pages\/47\/revisions"}],"up":[{"embeddable":true,"href":"https:\/\/meveline.com\/de\/wp-json\/wp\/v2\/pages\/8"}],"wp:featuredmedia":[{"embeddable":true,"href":"https:\/\/meveline.com\/de\/wp-json\/wp\/v2\/media\/18790"}],"wp:attachment":[{"href":"https:\/\/meveline.com\/de\/wp-json\/wp\/v2\/media?parent=47"}],"curies":[{"name":"wp","href":"https:\/\/api.w.org\/{rel}","templated":true}]}}