{"id":21804,"date":"2024-04-28T10:31:53","date_gmt":"2024-04-28T08:31:53","guid":{"rendered":"https:\/\/meveline.com\/?page_id=21804"},"modified":"2024-05-25T09:17:47","modified_gmt":"2024-05-25T07:17:47","slug":"domki-kanadyjskie","status":"publish","type":"page","link":"https:\/\/meveline.com\/de\/domki-kanadyjskie\/","title":{"rendered":"Domki kanadyjskie"},"content":{"rendered":"<p>MEVELINE oferuje domy i domki ca\u0142oroczne oraz letniskowe, budowane w oparciu o szkielet stalowy, lub drewniany, zale\u017cnie od potrzeb. Domki ze szkieletem drewnianym kojarz\u0105 si\u0119 z domami kanadyjskimi i tymi budowanymi w Stanach Zjednoczonych, w\u0142a\u015bcie z uwagi na wykorzytywane drewno dla cel\u00f3w konstrukcyjnych. W przypadku dom\u00f3w MEVELINE dodatkowym wyzwaniem dla konstruktor\u00f3w by\u0142o takie zaprojektowanie i wykonywanie dom\u00f3w aby zapewni\u0107 sztywno\u015b\u0107 i trwa\u0142o\u015b\u0107 zar\u00f3wno na etapie transportowania gotowego domu na miejsce jaki i w trakcie eksploatacji. Te wymagania powoduj\u0105, \u017ce domki MEVELINE moga by\u0107 wykonane ca\u0142kowicie w technologi szkieletu drewnianegojedynie w przypadku powierchni do 35m2. Wi\u0119ksze domy s\u0105 wykonywane w technologii szkieletu mieszanego, stalowo - drewnianego.<\/p>","protected":false},"excerpt":{"rendered":"<p>MEVELINE oferuje domy i domki ca\u0142oroczne oraz letniskowe, budowane w oparciu o szkielet stalowy, lub drewniany, zale\u017cnie od potrzeb. Domki ze szkieletem drewnianym kojarz\u0105 si\u0119 z domami kanadyjskimi i tymi budowanymi w Stanach Zjednoczonych, w\u0142a\u015bcie z uwagi na wykorzytywane drewno dla cel\u00f3w konstrukcyjnych. W przypadku dom\u00f3w MEVELINE dodatkowym wyzwaniem dla konstruktor\u00f3w by\u0142o takie zaprojektowanie i [&hellip;]<\/p>\n","protected":false},"author":2,"featured_media":21697,"parent":0,"menu_order":0,"comment_status":"closed","ping_status":"closed","template":"","meta":{"_seopress_robots_primary_cat":"","_seopress_titles_title":"Domki kanadyjskie \u2022 Wiele modeli \u2022 R\u00f3\u017cne metra\u017ce","_seopress_titles_desc":"Zobacz domki kanadyjskie od polskiego producenta Meveline \u2b50 Wybierz model i metra\u017c \u261d\ufe0f Dost\u0119pne opcje urz\u0105dzenia domku pod klucz \u2b50.","_seopress_robots_index":"","footnotes":""},"class_list":["post-21804","page","type-page","status-publish","has-post-thumbnail","hentry"],"meta_box":[],"_links":{"self":[{"href":"https:\/\/meveline.com\/de\/wp-json\/wp\/v2\/pages\/21804","targetHints":{"allow":["GET"]}}],"collection":[{"href":"https:\/\/meveline.com\/de\/wp-json\/wp\/v2\/pages"}],"about":[{"href":"https:\/\/meveline.com\/de\/wp-json\/wp\/v2\/types\/page"}],"author":[{"embeddable":true,"href":"https:\/\/meveline.com\/de\/wp-json\/wp\/v2\/users\/2"}],"replies":[{"embeddable":true,"href":"https:\/\/meveline.com\/de\/wp-json\/wp\/v2\/comments?post=21804"}],"version-history":[{"count":2,"href":"https:\/\/meveline.com\/de\/wp-json\/wp\/v2\/pages\/21804\/revisions"}],"predecessor-version":[{"id":21827,"href":"https:\/\/meveline.com\/de\/wp-json\/wp\/v2\/pages\/21804\/revisions\/21827"}],"wp:featuredmedia":[{"embeddable":true,"href":"https:\/\/meveline.com\/de\/wp-json\/wp\/v2\/media\/21697"}],"wp:attachment":[{"href":"https:\/\/meveline.com\/de\/wp-json\/wp\/v2\/media?parent=21804"}],"curies":[{"name":"wp","href":"https:\/\/api.w.org\/{rel}","templated":true}]}}