{"id":21798,"date":"2024-04-28T10:19:26","date_gmt":"2024-04-28T08:19:26","guid":{"rendered":"https:\/\/meveline.com\/?page_id=21798"},"modified":"2024-05-25T09:16:29","modified_gmt":"2024-05-25T07:16:29","slug":"domki-prefabrykowane","status":"publish","type":"page","link":"https:\/\/meveline.com\/de\/domki-prefabrykowane\/","title":{"rendered":"Domki prefabrykowane"},"content":{"rendered":"<p>MEVELINE produkuje domki prefabrykowane DEVA o powierzchni 70m2 i wi\u0119ksze. Autorskie rozwi\u0105zanie MEVELINE polega na prodkcji 2 symetrycznych modu\u0142\u00f3w w wytw\u00f3rni a nast\u0119pnie dostarczenie w ca\u0142o\u015bci na miejsce docelowe, po\u0142\u0105czenie ich oraz wyko\u0144czenie wewn\u0105trz i na zewn\u0105trz. Ilo\u015b\u0107 prac wykonywanych na miejscu u klienta jest ograniczana do minimum i zwykle trwa zaledwie kilka dni. Modu\u0142y s\u0105 praktycznie niemal w ca\u0142o\u015bci wyka\u0144czane w wytw\u00f3ni. W podobny spos\u00f3b mo\u017cliwe jest \u0142aczenie ze sob\u0105 innych dom\u00f3w MEVELINE, kt\u00f3r\u0119 s\u0105 dost\u0119pne w kilku liniach stylistycznach i rozmiarach od 24m2 do 55m2. Dzi\u0119ki temu rozwi\u0105zaniu domki prefabrykowane MEVELINE moga przybiera\u0107 r\u00f3\u017cne konfiguracje i ostatecznie tworzy\u0107 powierzchnie u\u017cytkowe dostosowane do potrzeb. Domy prefabrykowane MEVELINE mog\u0105 s\u0142u\u017cy\u0107 celom zar\u00f3wni rekreacyjnym jak i mieszkalnym.<\/p>","protected":false},"excerpt":{"rendered":"<p>MEVELINE produkuje domki prefabrykowane DEVA o powierzchni 70m2 i wi\u0119ksze. Autorskie rozwi\u0105zanie MEVELINE polega na prodkcji 2 symetrycznych modu\u0142\u00f3w w wytw\u00f3rni a nast\u0119pnie dostarczenie w ca\u0142o\u015bci na miejsce docelowe, po\u0142\u0105czenie ich oraz wyko\u0144czenie wewn\u0105trz i na zewn\u0105trz. Ilo\u015b\u0107 prac wykonywanych na miejscu u klienta jest ograniczana do minimum i zwykle trwa zaledwie kilka dni. Modu\u0142y [&hellip;]<\/p>\n","protected":false},"author":2,"featured_media":21581,"parent":0,"menu_order":0,"comment_status":"closed","ping_status":"closed","template":"","meta":{"_seopress_robots_primary_cat":"","_seopress_titles_title":"Domki prefabrykowane \u2022 Wiele modeli \u2022 R\u00f3\u017cne metra\u017ce","_seopress_titles_desc":"Zobacz domki prefabrykowane od polskiego producenta Meveline \u2b50 Wybierz model i metra\u017c \u261d\ufe0f Dost\u0119pne opcje urz\u0105dzenia domku pod klucz \u2b50.","_seopress_robots_index":"","footnotes":""},"class_list":["post-21798","page","type-page","status-publish","has-post-thumbnail","hentry"],"meta_box":[],"_links":{"self":[{"href":"https:\/\/meveline.com\/de\/wp-json\/wp\/v2\/pages\/21798","targetHints":{"allow":["GET"]}}],"collection":[{"href":"https:\/\/meveline.com\/de\/wp-json\/wp\/v2\/pages"}],"about":[{"href":"https:\/\/meveline.com\/de\/wp-json\/wp\/v2\/types\/page"}],"author":[{"embeddable":true,"href":"https:\/\/meveline.com\/de\/wp-json\/wp\/v2\/users\/2"}],"replies":[{"embeddable":true,"href":"https:\/\/meveline.com\/de\/wp-json\/wp\/v2\/comments?post=21798"}],"version-history":[{"count":2,"href":"https:\/\/meveline.com\/de\/wp-json\/wp\/v2\/pages\/21798\/revisions"}],"predecessor-version":[{"id":21824,"href":"https:\/\/meveline.com\/de\/wp-json\/wp\/v2\/pages\/21798\/revisions\/21824"}],"wp:featuredmedia":[{"embeddable":true,"href":"https:\/\/meveline.com\/de\/wp-json\/wp\/v2\/media\/21581"}],"wp:attachment":[{"href":"https:\/\/meveline.com\/de\/wp-json\/wp\/v2\/media?parent=21798"}],"curies":[{"name":"wp","href":"https:\/\/api.w.org\/{rel}","templated":true}]}}