{"id":21778,"date":"2024-04-23T11:39:45","date_gmt":"2024-04-23T09:39:45","guid":{"rendered":"https:\/\/meveline.com\/?page_id=21778"},"modified":"2024-05-07T17:39:34","modified_gmt":"2024-05-07T15:39:34","slug":"producent-domkow-letniskowych-calorocznych-krakow","status":"publish","type":"page","link":"https:\/\/meveline.com\/de\/producent-domkow-letniskowych-calorocznych-krakow\/","title":{"rendered":"Domki letniskowe ca\u0142oroczne Krak\u00f3w"},"content":{"rendered":"<p>Krak\u00f3w, historyczne miasto pe\u0142ne \u017cycia i kultury, staje si\u0119 r\u00f3wnie\u017c miejscem, gdzie marzenia o posiadaniu w\u0142asnego domku ca\u0142orocznego staj\u0105 si\u0119 rzeczywisto\u015bci\u0105. Jako producent domk\u00f3w letniskowych ca\u0142orocznych, Meveline dostarcza swoje wysokiej jako\u015bci konstrukcje do Krakowa i jego okolic. Nasze domki, zaprojektowane i wykonane od podstaw, spe\u0142niaj\u0105 oczekiwania nawet najbardziej wymagaj\u0105cych klient\u00f3w.<\/p>","protected":false},"excerpt":{"rendered":"<p>Krak\u00f3w, historyczne miasto pe\u0142ne \u017cycia i kultury, staje si\u0119 r\u00f3wnie\u017c miejscem, gdzie marzenia o posiadaniu w\u0142asnego domku ca\u0142orocznego staj\u0105 si\u0119 rzeczywisto\u015bci\u0105. Jako producent domk\u00f3w letniskowych ca\u0142orocznych, Meveline dostarcza swoje wysokiej jako\u015bci konstrukcje do Krakowa i jego okolic. Nasze domki, zaprojektowane i wykonane od podstaw, spe\u0142niaj\u0105 oczekiwania nawet najbardziej wymagaj\u0105cych klient\u00f3w.<\/p>","protected":false},"author":2,"featured_media":21693,"parent":0,"menu_order":0,"comment_status":"closed","ping_status":"closed","template":"","meta":{"_seopress_robots_primary_cat":"","_seopress_titles_title":"Domki letniskowe ca\u0142oroczne Krak\u00f3w \u2022 Wiele modeli \u2022 R\u00f3\u017cne metra\u017ce","_seopress_titles_desc":"Zobacz domki letniskowe ca\u0142oroczne od polskiego producenta Meveline \u2b50 Wybierz model i metra\u017c \u261d\ufe0f Dost\u0119pne opcje urz\u0105dzenia domku pod klucz \u2b50.","_seopress_robots_index":"","footnotes":""},"class_list":["post-21778","page","type-page","status-publish","has-post-thumbnail","hentry"],"_links":{"self":[{"href":"https:\/\/meveline.com\/de\/wp-json\/wp\/v2\/pages\/21778","targetHints":{"allow":["GET"]}}],"collection":[{"href":"https:\/\/meveline.com\/de\/wp-json\/wp\/v2\/pages"}],"about":[{"href":"https:\/\/meveline.com\/de\/wp-json\/wp\/v2\/types\/page"}],"author":[{"embeddable":true,"href":"https:\/\/meveline.com\/de\/wp-json\/wp\/v2\/users\/2"}],"replies":[{"embeddable":true,"href":"https:\/\/meveline.com\/de\/wp-json\/wp\/v2\/comments?post=21778"}],"version-history":[{"count":3,"href":"https:\/\/meveline.com\/de\/wp-json\/wp\/v2\/pages\/21778\/revisions"}],"predecessor-version":[{"id":21813,"href":"https:\/\/meveline.com\/de\/wp-json\/wp\/v2\/pages\/21778\/revisions\/21813"}],"wp:featuredmedia":[{"embeddable":true,"href":"https:\/\/meveline.com\/de\/wp-json\/wp\/v2\/media\/21693"}],"wp:attachment":[{"href":"https:\/\/meveline.com\/de\/wp-json\/wp\/v2\/media?parent=21778"}],"curies":[{"name":"wp","href":"https:\/\/api.w.org\/{rel}","templated":true}]}}