{"id":18574,"date":"2021-10-11T15:24:25","date_gmt":"2021-10-11T13:24:25","guid":{"rendered":"https:\/\/meveline.com\/?page_id=18574"},"modified":"2023-08-03T12:03:00","modified_gmt":"2023-08-03T10:03:00","slug":"deva","status":"publish","type":"page","link":"https:\/\/meveline.com\/de\/modele-domow\/deva\/","title":{"rendered":"Deva"},"content":{"rendered":"","protected":false},"excerpt":{"rendered":"","protected":false},"author":3,"featured_media":21264,"parent":8,"menu_order":8,"comment_status":"closed","ping_status":"closed","template":"","meta":{"_seopress_robots_primary_cat":"","_seopress_titles_title":"\u2192 Domek ca\u0142oroczny DEVA \u2022 MEVELINE","_seopress_titles_desc":"Domek drewniany ca\u0142oroczny DEVA \u2705 Zobacz dost\u0119pne konfiguracje \u2705 Bogate wyposa\u017cenie dodatkowe \u2705 \u0141atwo\u015b\u0107 transportu i budowy \u2705.","_seopress_robots_index":"","footnotes":""},"class_list":["post-18574","page","type-page","status-publish","has-post-thumbnail","hentry"],"meta_box":[],"_links":{"self":[{"href":"https:\/\/meveline.com\/de\/wp-json\/wp\/v2\/pages\/18574","targetHints":{"allow":["GET"]}}],"collection":[{"href":"https:\/\/meveline.com\/de\/wp-json\/wp\/v2\/pages"}],"about":[{"href":"https:\/\/meveline.com\/de\/wp-json\/wp\/v2\/types\/page"}],"author":[{"embeddable":true,"href":"https:\/\/meveline.com\/de\/wp-json\/wp\/v2\/users\/3"}],"replies":[{"embeddable":true,"href":"https:\/\/meveline.com\/de\/wp-json\/wp\/v2\/comments?post=18574"}],"version-history":[{"count":0,"href":"https:\/\/meveline.com\/de\/wp-json\/wp\/v2\/pages\/18574\/revisions"}],"up":[{"embeddable":true,"href":"https:\/\/meveline.com\/de\/wp-json\/wp\/v2\/pages\/8"}],"wp:featuredmedia":[{"embeddable":true,"href":"https:\/\/meveline.com\/de\/wp-json\/wp\/v2\/media\/21264"}],"wp:attachment":[{"href":"https:\/\/meveline.com\/de\/wp-json\/wp\/v2\/media?parent=18574"}],"curies":[{"name":"wp","href":"https:\/\/api.w.org\/{rel}","templated":true}]}}