{"id":18572,"date":"2021-10-11T15:22:10","date_gmt":"2021-10-11T13:22:10","guid":{"rendered":"https:\/\/meveline.com\/?page_id=18572"},"modified":"2022-01-11T17:27:19","modified_gmt":"2022-01-11T16:27:19","slug":"domki-holenderskie","status":"publish","type":"page","link":"https:\/\/meveline.com\/de\/domki-holenderskie\/","title":{"rendered":"Domki holenderskie ca\u0142oroczne"},"content":{"rendered":"","protected":false},"excerpt":{"rendered":"","protected":false},"author":3,"featured_media":18736,"parent":0,"menu_order":10,"comment_status":"closed","ping_status":"closed","template":"","meta":{"_seopress_robots_primary_cat":"","_seopress_titles_title":"\u2192 Domki holenderskie ca\u0142oroczne bez pozwolenia","_seopress_titles_desc":"Ca\u0142oroczne domki holenderskie bez pozwolenia na budow\u0119 \u2705 Spraw sobie sw\u00f3j wymarzony domek od MEVELINE \u2705 608-335-111 - zadzwo\u0144 \u260e.","_seopress_robots_index":"","footnotes":""},"class_list":["post-18572","page","type-page","status-publish","has-post-thumbnail","hentry"],"meta_box":[],"_links":{"self":[{"href":"https:\/\/meveline.com\/de\/wp-json\/wp\/v2\/pages\/18572","targetHints":{"allow":["GET"]}}],"collection":[{"href":"https:\/\/meveline.com\/de\/wp-json\/wp\/v2\/pages"}],"about":[{"href":"https:\/\/meveline.com\/de\/wp-json\/wp\/v2\/types\/page"}],"author":[{"embeddable":true,"href":"https:\/\/meveline.com\/de\/wp-json\/wp\/v2\/users\/3"}],"replies":[{"embeddable":true,"href":"https:\/\/meveline.com\/de\/wp-json\/wp\/v2\/comments?post=18572"}],"version-history":[{"count":0,"href":"https:\/\/meveline.com\/de\/wp-json\/wp\/v2\/pages\/18572\/revisions"}],"wp:featuredmedia":[{"embeddable":true,"href":"https:\/\/meveline.com\/de\/wp-json\/wp\/v2\/media\/18736"}],"wp:attachment":[{"href":"https:\/\/meveline.com\/de\/wp-json\/wp\/v2\/media?parent=18572"}],"curies":[{"name":"wp","href":"https:\/\/api.w.org\/{rel}","templated":true}]}}