{"id":18082,"date":"2021-08-04T11:28:45","date_gmt":"2021-08-04T09:28:45","guid":{"rendered":"https:\/\/meveline.com\/?page_id=18082"},"modified":"2021-12-22T13:52:36","modified_gmt":"2021-12-22T12:52:36","slug":"transport-fundament-montage","status":"publish","type":"page","link":"https:\/\/meveline.com\/de\/transport-fundament-montage\/","title":{"rendered":"Transport, Fundament, Montage"},"content":{"rendered":"","protected":false},"excerpt":{"rendered":"","protected":false},"author":3,"featured_media":18725,"parent":0,"menu_order":15,"comment_status":"closed","ping_status":"closed","template":"","meta":{"_seopress_robots_primary_cat":"","_seopress_titles_title":"\u2192 Transport naszych domk\u00f3w \u2022 MEVELINE","_seopress_titles_desc":"Szybki i bezproblemowy transport naszych domk\u00f3w to jedna z ich najwi\u0119kszych zalet \u2705 Wejd\u017a i dowiedz si\u0119 wi\u0119cej o transporcie \u2705.","_seopress_robots_index":"","footnotes":""},"class_list":["post-18082","page","type-page","status-publish","has-post-thumbnail","hentry"],"meta_box":[],"_links":{"self":[{"href":"https:\/\/meveline.com\/de\/wp-json\/wp\/v2\/pages\/18082","targetHints":{"allow":["GET"]}}],"collection":[{"href":"https:\/\/meveline.com\/de\/wp-json\/wp\/v2\/pages"}],"about":[{"href":"https:\/\/meveline.com\/de\/wp-json\/wp\/v2\/types\/page"}],"author":[{"embeddable":true,"href":"https:\/\/meveline.com\/de\/wp-json\/wp\/v2\/users\/3"}],"replies":[{"embeddable":true,"href":"https:\/\/meveline.com\/de\/wp-json\/wp\/v2\/comments?post=18082"}],"version-history":[{"count":0,"href":"https:\/\/meveline.com\/de\/wp-json\/wp\/v2\/pages\/18082\/revisions"}],"wp:featuredmedia":[{"embeddable":true,"href":"https:\/\/meveline.com\/de\/wp-json\/wp\/v2\/media\/18725"}],"wp:attachment":[{"href":"https:\/\/meveline.com\/de\/wp-json\/wp\/v2\/media?parent=18082"}],"curies":[{"name":"wp","href":"https:\/\/api.w.org\/{rel}","templated":true}]}}