{"id":54,"date":"2021-07-30T17:56:55","date_gmt":"2021-07-30T15:56:55","guid":{"rendered":"https:\/\/meveline.com\/?page_id=54"},"modified":"2022-01-17T12:56:53","modified_gmt":"2022-01-17T11:56:53","slug":"biznes","status":"publish","type":"page","link":"https:\/\/meveline.com\/cs\/biznes\/","title":{"rendered":"Biznes"},"content":{"rendered":"","protected":false},"excerpt":{"rendered":"","protected":false},"author":3,"featured_media":18800,"parent":0,"menu_order":6,"comment_status":"closed","ping_status":"closed","template":"","meta":{"_seopress_robots_primary_cat":"","_seopress_titles_title":"\u2192 Oferta dla biznesu \u2022 O\u015brodki \u2022 Inwestorzy \u2022 MEVELINE","_seopress_titles_desc":"Planujesz inwestycje w domki na wynajem? \u2705 Wejd\u017a i sprawd\u017a nasz\u0105 ofert\u0119 dla inwestor\u00f3w i o\u015brodk\u00f3w wypoczynkowych \u2705 608-335-111 - zadzwo\u0144 \u260e.","_seopress_robots_index":"","footnotes":""},"class_list":["post-54","page","type-page","status-publish","has-post-thumbnail","hentry"],"meta_box":[],"_links":{"self":[{"href":"https:\/\/meveline.com\/cs\/wp-json\/wp\/v2\/pages\/54","targetHints":{"allow":["GET"]}}],"collection":[{"href":"https:\/\/meveline.com\/cs\/wp-json\/wp\/v2\/pages"}],"about":[{"href":"https:\/\/meveline.com\/cs\/wp-json\/wp\/v2\/types\/page"}],"author":[{"embeddable":true,"href":"https:\/\/meveline.com\/cs\/wp-json\/wp\/v2\/users\/3"}],"replies":[{"embeddable":true,"href":"https:\/\/meveline.com\/cs\/wp-json\/wp\/v2\/comments?post=54"}],"version-history":[{"count":0,"href":"https:\/\/meveline.com\/cs\/wp-json\/wp\/v2\/pages\/54\/revisions"}],"wp:featuredmedia":[{"embeddable":true,"href":"https:\/\/meveline.com\/cs\/wp-json\/wp\/v2\/media\/18800"}],"wp:attachment":[{"href":"https:\/\/meveline.com\/cs\/wp-json\/wp\/v2\/media?parent=54"}],"curies":[{"name":"wp","href":"https:\/\/api.w.org\/{rel}","templated":true}]}}