{"id":21800,"date":"2024-04-28T10:22:56","date_gmt":"2024-04-28T08:22:56","guid":{"rendered":"https:\/\/meveline.com\/?page_id=21800"},"modified":"2024-05-25T09:17:02","modified_gmt":"2024-05-25T07:17:02","slug":"domki-szkieletowe","status":"publish","type":"page","link":"https:\/\/meveline.com\/cs\/domki-szkieletowe\/","title":{"rendered":"Domki szkieletowe"},"content":{"rendered":"<p>MEVELINE oferuje domy i domki ca\u0142oroczne oraz letniskowe zbudowane w oparciu o szkielet stalowy, drewniany lub stalowo drewniany. Domki szkieletowe a konkretnie szkieletowy spos\u00f3b ich budowania to nowoczesny i szybki spos\u00f3b konstruowania dom\u00f3w. W przypadku domk\u00f3w szkieletowych MEVELINE du\u017cym wyzwaniem, z kt\u00f3rym musieli sobie poradzi\u0107 konstruktorzy, by\u0142a funkcja mobilno\u015bci. Domy MEVELINE s\u0105 w wi\u0119kszo\u015bci przypadk\u00f3w dostarczane na miejsce jako gotowe. Samo umieszczenie na docelowym miejscu odbywa si\u0119 za pomoc\u0105 demontowalnych k\u00f3\u0142 lub d\u017awigu. Tym samym szkielet ka\u017cdego domu jest zaprojektowany w taki spos\u00f3b aby wytrzymywa\u0142 obci\u0105\u017cenia i napr\u0119\u017cenia zar\u00f3wno w czasie przemieszczania jak i u\u017cytkowania. To zupe\u0142nie inny rodzaj wyzwania ni\u017c budowanie domu szkieletowego na miejscu. Projektanci i pracownicy MEVELINE poradzili sobie z tym wyzwaniem.<\/p>","protected":false},"excerpt":{"rendered":"<p>MEVELINE oferuje domy i domki ca\u0142oroczne oraz letniskowe zbudowane w oparciu o szkielet stalowy, drewniany lub stalowo drewniany. Domki szkieletowe a konkretnie szkieletowy spos\u00f3b ich budowania to nowoczesny i szybki spos\u00f3b konstruowania dom\u00f3w. W przypadku domk\u00f3w szkieletowych MEVELINE du\u017cym wyzwaniem, z kt\u00f3rym musieli sobie poradzi\u0107 konstruktorzy, by\u0142a funkcja mobilno\u015bci. Domy MEVELINE s\u0105 w wi\u0119kszo\u015bci przypadk\u00f3w [&hellip;]<\/p>\n","protected":false},"author":2,"featured_media":21697,"parent":0,"menu_order":0,"comment_status":"closed","ping_status":"closed","template":"","meta":{"_seopress_robots_primary_cat":"","_seopress_titles_title":"Domki szkieletowe \u2022 Wiele modeli \u2022 R\u00f3\u017cne metra\u017ce","_seopress_titles_desc":"Zobacz domki szkieletowe od polskiego producenta Meveline \u2b50 Wybierz model i metra\u017c \u261d\ufe0f Dost\u0119pne opcje urz\u0105dzenia domku pod klucz \u2b50.","_seopress_robots_index":"","footnotes":""},"class_list":["post-21800","page","type-page","status-publish","has-post-thumbnail","hentry"],"_links":{"self":[{"href":"https:\/\/meveline.com\/cs\/wp-json\/wp\/v2\/pages\/21800","targetHints":{"allow":["GET"]}}],"collection":[{"href":"https:\/\/meveline.com\/cs\/wp-json\/wp\/v2\/pages"}],"about":[{"href":"https:\/\/meveline.com\/cs\/wp-json\/wp\/v2\/types\/page"}],"author":[{"embeddable":true,"href":"https:\/\/meveline.com\/cs\/wp-json\/wp\/v2\/users\/2"}],"replies":[{"embeddable":true,"href":"https:\/\/meveline.com\/cs\/wp-json\/wp\/v2\/comments?post=21800"}],"version-history":[{"count":2,"href":"https:\/\/meveline.com\/cs\/wp-json\/wp\/v2\/pages\/21800\/revisions"}],"predecessor-version":[{"id":21825,"href":"https:\/\/meveline.com\/cs\/wp-json\/wp\/v2\/pages\/21800\/revisions\/21825"}],"wp:featuredmedia":[{"embeddable":true,"href":"https:\/\/meveline.com\/cs\/wp-json\/wp\/v2\/media\/21697"}],"wp:attachment":[{"href":"https:\/\/meveline.com\/cs\/wp-json\/wp\/v2\/media?parent=21800"}],"curies":[{"name":"wp","href":"https:\/\/api.w.org\/{rel}","templated":true}]}}