{"id":21796,"date":"2024-04-28T10:14:30","date_gmt":"2024-04-28T08:14:30","guid":{"rendered":"https:\/\/meveline.com\/?page_id=21796"},"modified":"2024-05-25T09:16:10","modified_gmt":"2024-05-25T07:16:10","slug":"domki-typu-brda","status":"publish","type":"page","link":"https:\/\/meveline.com\/cs\/domki-typu-brda\/","title":{"rendered":"Domki typu brda"},"content":{"rendered":"<p>MEVELINE jest polskim producentem dom\u00f3w i domk\u00f3w rekreacyjnych i ca\u0142orocznych. Domki typu Brda, kojarz\u0105 si\u0119 wielu klientom z czasami dawno i s\u0142usznie minionymi, przez pryzmat wakacyjnego i weekendowego wypoczynku. Obecna oferta gotowych domk\u00f3w letniskowych i ca\u0142orocznych ma wiele wsp\u00f3lnego z domkami Brda. Domki MEVELINE s\u0105 wygodnym rozwi\u0105zaniem na wielorakie potrzeby miezkaniowe w tym w\u0142a\u015bnie letniksowe i rekreacyjne. Tak jak domki typu Brda, domki MEVELINE s\u0105 budowane w oparciu o konstrukcj\u0119 szkieletow\u0105 z wykorzytsaniem materia\u0142\u00f3w drewnianych i drewnopochodnych. Co bardzo wa\u017cne, skracamy proces budowy do absolutnego minimum. O ile domki Brda wymaga\u0142y monta\u017cu na miejscu z element\u00f3w, o tyle MEVELINE oferuje rozwi\u0105zanie w kt\u00f3rym domek dostarczany jest w ca\u0142o\u015bci jako gotowy. Z powod\u00f3w logistycznych nie jest mo\u017cliwe dostarczenie gotowego domku ze strzelistym dachem, tak charakterystycznym dla domk\u00f3w typu Brda. Dlatego w\u0142a\u015bnie domki MEVELINE maj\u0105 zwykle dwuspadowy dach i mniejszym k\u0105cie.<\/p>","protected":false},"excerpt":{"rendered":"<p>MEVELINE jest polskim producentem dom\u00f3w i domk\u00f3w rekreacyjnych i ca\u0142orocznych. Domki typu Brda, kojarz\u0105 si\u0119 wielu klientom z czasami dawno i s\u0142usznie minionymi, przez pryzmat wakacyjnego i weekendowego wypoczynku. Obecna oferta gotowych domk\u00f3w letniskowych i ca\u0142orocznych ma wiele wsp\u00f3lnego z domkami Brda. Domki MEVELINE s\u0105 wygodnym rozwi\u0105zaniem na wielorakie potrzeby miezkaniowe w tym w\u0142a\u015bnie letniksowe [&hellip;]<\/p>\n","protected":false},"author":2,"featured_media":21699,"parent":0,"menu_order":0,"comment_status":"closed","ping_status":"closed","template":"","meta":{"_seopress_robots_primary_cat":"","_seopress_titles_title":"Domki typu brda \u2022 Wiele modeli \u2022 R\u00f3\u017cne metra\u017ce","_seopress_titles_desc":"Zobacz domki typu brda od polskiego producenta Meveline \u2b50 Wybierz model i metra\u017c \u261d\ufe0f Dost\u0119pne opcje urz\u0105dzenia domku pod klucz \u2b50.","_seopress_robots_index":"","footnotes":""},"class_list":["post-21796","page","type-page","status-publish","has-post-thumbnail","hentry"],"_links":{"self":[{"href":"https:\/\/meveline.com\/cs\/wp-json\/wp\/v2\/pages\/21796","targetHints":{"allow":["GET"]}}],"collection":[{"href":"https:\/\/meveline.com\/cs\/wp-json\/wp\/v2\/pages"}],"about":[{"href":"https:\/\/meveline.com\/cs\/wp-json\/wp\/v2\/types\/page"}],"author":[{"embeddable":true,"href":"https:\/\/meveline.com\/cs\/wp-json\/wp\/v2\/users\/2"}],"replies":[{"embeddable":true,"href":"https:\/\/meveline.com\/cs\/wp-json\/wp\/v2\/comments?post=21796"}],"version-history":[{"count":2,"href":"https:\/\/meveline.com\/cs\/wp-json\/wp\/v2\/pages\/21796\/revisions"}],"predecessor-version":[{"id":21823,"href":"https:\/\/meveline.com\/cs\/wp-json\/wp\/v2\/pages\/21796\/revisions\/21823"}],"wp:featuredmedia":[{"embeddable":true,"href":"https:\/\/meveline.com\/cs\/wp-json\/wp\/v2\/media\/21699"}],"wp:attachment":[{"href":"https:\/\/meveline.com\/cs\/wp-json\/wp\/v2\/media?parent=21796"}],"curies":[{"name":"wp","href":"https:\/\/api.w.org\/{rel}","templated":true}]}}