{"id":21792,"date":"2024-04-28T10:03:11","date_gmt":"2024-04-28T08:03:11","guid":{"rendered":"https:\/\/meveline.com\/?page_id=21792"},"modified":"2024-05-07T17:32:22","modified_gmt":"2024-05-07T15:32:22","slug":"kontenery-mieszkalne-caloroczne","status":"publish","type":"page","link":"https:\/\/meveline.com\/cs\/kontenery-mieszkalne-caloroczne\/","title":{"rendered":"Kontenery mieszkalne ca\u0142oroczne"},"content":{"rendered":"<p>MEVELINE oferuje stylistycznie dopracowane domy rekreacyjne i mieszkalne. W oparciu o prostsze modele - MEVA z p\u0142askim dachem lub REVA z niewysokim dwuspadowym dachem, mo\u017cemy r\u00f3wnie\u017c zaproponowa\u0107 rozwi\u0105zanie s\u0142u\u017c\u0105ce ca\u0142orocznym konterom mieszkalnym. W przeciwie\u0144stwie do rozwi\u0105za\u0144 opartych na zabudowie kontener\u00f3w morskich, rozwi\u0105zania MEVELINE b\u0119d\u0105 bardziej funkcjonalne oraz niepor\u00f3wnywalnie skuteczniej ocieplone. Zwi\u0119ksza si\u0119 r\u00f3wnie\u017c paleta mo\u017cliwo\u015bci, zar\u00f3wno aran\u017cacji wn\u0119trza jak i elastycznego dostosowania wymiar\u00f3w takiego kontenera mieszkalnego do konkretnych potrzeb. Ca\u0142oroczne kontenery mieszkalne to tymczasowe rozwi\u0105zanie dla wielu sytuacji - pocz\u0105wszy od plac\u00f3w bud\u00f3w a sko\u0144czywszy na potrzebach zaspokojenia nag\u0142ych potrzeb spo\u0142ecznych.<\/p>","protected":false},"excerpt":{"rendered":"<p>MEVELINE oferuje stylistycznie dopracowane domy rekreacyjne i mieszkalne. W oparciu o prostsze modele - MEVA z p\u0142askim dachem lub REVA z niewysokim dwuspadowym dachem, mo\u017cemy r\u00f3wnie\u017c zaproponowa\u0107 rozwi\u0105zanie s\u0142u\u017c\u0105ce ca\u0142orocznym konterom mieszkalnym. W przeciwie\u0144stwie do rozwi\u0105za\u0144 opartych na zabudowie kontener\u00f3w morskich, rozwi\u0105zania MEVELINE b\u0119d\u0105 bardziej funkcjonalne oraz niepor\u00f3wnywalnie skuteczniej ocieplone. Zwi\u0119ksza si\u0119 r\u00f3wnie\u017c paleta mo\u017cliwo\u015bci, [&hellip;]<\/p>\n","protected":false},"author":2,"featured_media":21698,"parent":0,"menu_order":0,"comment_status":"closed","ping_status":"closed","template":"","meta":{"_seopress_robots_primary_cat":"","_seopress_titles_title":"Kontenery mieszkalne ca\u0142oroczne \u2022 Wiele modeli \u2022 R\u00f3\u017cne metra\u017ce","_seopress_titles_desc":"Kontenery mieszkalne ca\u0142oroczne od polskiego producenta Meveline \u2b50 Wybierz model i metra\u017c \u261d\ufe0f Dost\u0119pne opcje urz\u0105dzenia domku pod klucz \u2b50.","_seopress_robots_index":"","footnotes":""},"class_list":["post-21792","page","type-page","status-publish","has-post-thumbnail","hentry"],"meta_box":[],"_links":{"self":[{"href":"https:\/\/meveline.com\/cs\/wp-json\/wp\/v2\/pages\/21792","targetHints":{"allow":["GET"]}}],"collection":[{"href":"https:\/\/meveline.com\/cs\/wp-json\/wp\/v2\/pages"}],"about":[{"href":"https:\/\/meveline.com\/cs\/wp-json\/wp\/v2\/types\/page"}],"author":[{"embeddable":true,"href":"https:\/\/meveline.com\/cs\/wp-json\/wp\/v2\/users\/2"}],"replies":[{"embeddable":true,"href":"https:\/\/meveline.com\/cs\/wp-json\/wp\/v2\/comments?post=21792"}],"version-history":[{"count":1,"href":"https:\/\/meveline.com\/cs\/wp-json\/wp\/v2\/pages\/21792\/revisions"}],"predecessor-version":[{"id":21793,"href":"https:\/\/meveline.com\/cs\/wp-json\/wp\/v2\/pages\/21792\/revisions\/21793"}],"wp:featuredmedia":[{"embeddable":true,"href":"https:\/\/meveline.com\/cs\/wp-json\/wp\/v2\/media\/21698"}],"wp:attachment":[{"href":"https:\/\/meveline.com\/cs\/wp-json\/wp\/v2\/media?parent=21792"}],"curies":[{"name":"wp","href":"https:\/\/api.w.org\/{rel}","templated":true}]}}