{"id":21788,"date":"2024-04-28T09:50:04","date_gmt":"2024-04-28T07:50:04","guid":{"rendered":"https:\/\/meveline.com\/?page_id=21788"},"modified":"2024-05-07T17:35:30","modified_gmt":"2024-05-07T15:35:30","slug":"domki-na-zgloszenie","status":"publish","type":"page","link":"https:\/\/meveline.com\/cs\/domki-na-zgloszenie\/","title":{"rendered":"Domki na zg\u0142oszenie"},"content":{"rendered":"<p>MEVELINE nie tylko projektuje i produkuje gotowe i modu\u0142owe domy letniskowe i ca\u0142oroczne ale r\u00f3wnie\u017c wspiera swoich klient\u00f3w procesie formalnych procedur ich umieszczenia na dzia\u0142ce. Zar\u00f3wno domy letniskowe - rekreacyjne jak i mieszkalne, do wielko\u015bci nie przekraczaj\u0105cej 70m2, mog\u0105 korzysta\u0107 z uproszczonej procedury na zg\u0142oszenie. Bez wzgl\u0119du na spos\u00f3b u\u017cytkowania domu, konieczne jest sprawdzenie Miejscowego Planu Zagospodarowania Przestrzennego MPZP, kt\u00f3ry okre\u015bla jakiego typu obiekty mog\u0105 zosta\u0107 postawione na danej dzia\u0142ce. W przypadku braku planu nale\u017cy wyst\u0105pi\u0107 o Warunki Zabudowy WZ - na budynek mieszkalny lub rekreacyjny, zale\u017cnie od potrzeb. MEVELINE ma wieloletnie do\u015bwiadczenie, wielokrotnie asystowali\u015bmy naszym klientom w przebrni\u0119ciu przez proceduralne zawi\u0142o\u015bci. Procedura domk\u00f3w na zg\u0142oszenie nie oznacza dowolno\u015bci w zagospodarowywaniu dzia\u0142ki. Jest to \u015bcie\u017cka nieco \u0142atwiejsza od pozwolenia na budow\u0119 ale nie nale\u017cy jej uto\u017csamia\u0107 ze zgod\u0105 na umieszczanie domk\u00f3w w dowolnym miejscu.<\/p>","protected":false},"excerpt":{"rendered":"<p>MEVELINE nie tylko projektuje i produkuje gotowe i modu\u0142owe domy letniskowe i ca\u0142oroczne ale r\u00f3wnie\u017c wspiera swoich klient\u00f3w procesie formalnych procedur ich umieszczenia na dzia\u0142ce. Zar\u00f3wno domy letniskowe - rekreacyjne jak i mieszkalne, do wielko\u015bci nie przekraczaj\u0105cej 70m2, mog\u0105 korzysta\u0107 z uproszczonej procedury na zg\u0142oszenie. Bez wzgl\u0119du na spos\u00f3b u\u017cytkowania domu, konieczne jest sprawdzenie Miejscowego [&hellip;]<\/p>\n","protected":false},"author":2,"featured_media":21340,"parent":0,"menu_order":0,"comment_status":"closed","ping_status":"closed","template":"","meta":{"_seopress_robots_primary_cat":"","_seopress_titles_title":"Domki na zg\u0142oszenie \u2022 Wiele modeli \u2022 R\u00f3\u017cne metra\u017ce","_seopress_titles_desc":"Domki na zg\u0142oszenie od polskiego producenta Meveline \u2b50 Wybierz model i metra\u017c \u261d\ufe0f Dost\u0119pne opcje urz\u0105dzenia domku pod klucz \u2b50.","_seopress_robots_index":"","footnotes":""},"class_list":["post-21788","page","type-page","status-publish","has-post-thumbnail","hentry"],"_links":{"self":[{"href":"https:\/\/meveline.com\/cs\/wp-json\/wp\/v2\/pages\/21788","targetHints":{"allow":["GET"]}}],"collection":[{"href":"https:\/\/meveline.com\/cs\/wp-json\/wp\/v2\/pages"}],"about":[{"href":"https:\/\/meveline.com\/cs\/wp-json\/wp\/v2\/types\/page"}],"author":[{"embeddable":true,"href":"https:\/\/meveline.com\/cs\/wp-json\/wp\/v2\/users\/2"}],"replies":[{"embeddable":true,"href":"https:\/\/meveline.com\/cs\/wp-json\/wp\/v2\/comments?post=21788"}],"version-history":[{"count":1,"href":"https:\/\/meveline.com\/cs\/wp-json\/wp\/v2\/pages\/21788\/revisions"}],"predecessor-version":[{"id":21789,"href":"https:\/\/meveline.com\/cs\/wp-json\/wp\/v2\/pages\/21788\/revisions\/21789"}],"wp:featuredmedia":[{"embeddable":true,"href":"https:\/\/meveline.com\/cs\/wp-json\/wp\/v2\/media\/21340"}],"wp:attachment":[{"href":"https:\/\/meveline.com\/cs\/wp-json\/wp\/v2\/media?parent=21788"}],"curies":[{"name":"wp","href":"https:\/\/api.w.org\/{rel}","templated":true}]}}