{"id":21784,"date":"2024-04-25T11:34:17","date_gmt":"2024-04-25T09:34:17","guid":{"rendered":"https:\/\/meveline.com\/?page_id=21784"},"modified":"2024-05-07T17:22:48","modified_gmt":"2024-05-07T15:22:48","slug":"domki-holenderskie-caloroczne-domki-angielskie","status":"publish","type":"page","link":"https:\/\/meveline.com\/cs\/domki-holenderskie-caloroczne-domki-angielskie\/","title":{"rendered":"Domki holenderskie \/ angielskie ca\u0142oroczne"},"content":{"rendered":"<p>MEVELINE jest firm\u0105 kt\u00f3ra projektuje i produkuje mobilne domy, kt\u00f3re potocznie nazywane s\u0105 holenderskimi lub angielskimi. Nazwa pochodzi z kraj\u00f3w, w kt\u00f3rych tego typu konstrukcje s\u0105 masowo wykorzystywane w turystycznie atrakcyjnych lokalizacjach, gdzie nie ma mo\u017cliwo\u015bci trwa\u0142ej zabudowy. Funkcja mobilno\u015bci, czyli 2 lub 3 osie k\u00f3\u0142, s\u0142u\u017cy dla cel\u00f3w logistycznych - za\u0142adunek i roz\u0142adunek na specjalistyczn\u0105 naczep\u0119 oraz poruszanie si\u0119 w obr\u0119bie dzia\u0142ki do miejsca docelowego. Praktycznie na tym ko\u0144cz\u0105 si\u0119 podobie\u0144stwa dom\u00f3w MEVELINE z holenderskimi lub angielskimi pierwowzorami. Nasze domy, cho\u0107 mobilne i dostarczane na docelowe miejsce w ca\u0142o\u015bci lub w modu\u0142ach, wygl\u0105daj\u0105 niepor\u00f3wnywalnie ciekawiej i oferuj\u0105 znacznie wi\u0119cej mo\u017cliwo\u015bci w obszarze wyposa\u017cenie i funkcjonalno\u015bci. Przede wszystkim, domy MEVELINE po zainstalowaniu i usuni\u0119ciu lub zamaskowaniu funkcji mobilno\u015bci, wygl\u0105daj\u0105 jak domy budowane tradycyjnymi metodami. Tym samym nie przypominaj\u0105 przysadzistych i cz\u0119sto szpetnych domk\u00f3w holenderskich czy angielskich. Do wyko\u0144czenia dom\u00f3w stosujemy zar\u00f3wno tradycyjne jak i najnowsze materia\u0142y wyko\u0144czeniowe. Domy MEVELINE standardowo pozwalaj\u0105 na ca\u0142oroczne korzystanie a dodatkowo mo\u017cliwe jest ich zaizolowanie do najwy\u017cszych standard\u00f3w budynku mieszkalnego.<\/p>","protected":false},"excerpt":{"rendered":"<p>MEVELINE jest firm\u0105 kt\u00f3ra projektuje i produkuje mobilne domy, kt\u00f3re potocznie nazywane s\u0105 holenderskimi lub angielskimi. Nazwa pochodzi z kraj\u00f3w, w kt\u00f3rych tego typu konstrukcje s\u0105 masowo wykorzystywane w turystycznie atrakcyjnych lokalizacjach, gdzie nie ma mo\u017cliwo\u015bci trwa\u0142ej zabudowy. Funkcja mobilno\u015bci, czyli 2 lub 3 osie k\u00f3\u0142, s\u0142u\u017cy dla cel\u00f3w logistycznych - za\u0142adunek i roz\u0142adunek na [&hellip;]<\/p>\n","protected":false},"author":2,"featured_media":21581,"parent":0,"menu_order":0,"comment_status":"closed","ping_status":"closed","template":"","meta":{"_seopress_robots_primary_cat":"","_seopress_titles_title":"Domki holenderskie \/ angielskie ca\u0142oroczne \u2022 Wiele modeli \u2022 R\u00f3\u017cne metra\u017ce","_seopress_titles_desc":"Zobacz domki holenderskie\/angielskie od polskiego producenta Meveline \u2b50 Wybierz model i metra\u017c \u261d\ufe0f Dost\u0119pne opcje urz\u0105dzenia domku pod klucz \u2b50.","_seopress_robots_index":"","footnotes":""},"class_list":["post-21784","page","type-page","status-publish","has-post-thumbnail","hentry"],"_links":{"self":[{"href":"https:\/\/meveline.com\/cs\/wp-json\/wp\/v2\/pages\/21784","targetHints":{"allow":["GET"]}}],"collection":[{"href":"https:\/\/meveline.com\/cs\/wp-json\/wp\/v2\/pages"}],"about":[{"href":"https:\/\/meveline.com\/cs\/wp-json\/wp\/v2\/types\/page"}],"author":[{"embeddable":true,"href":"https:\/\/meveline.com\/cs\/wp-json\/wp\/v2\/users\/2"}],"replies":[{"embeddable":true,"href":"https:\/\/meveline.com\/cs\/wp-json\/wp\/v2\/comments?post=21784"}],"version-history":[{"count":2,"href":"https:\/\/meveline.com\/cs\/wp-json\/wp\/v2\/pages\/21784\/revisions"}],"predecessor-version":[{"id":21811,"href":"https:\/\/meveline.com\/cs\/wp-json\/wp\/v2\/pages\/21784\/revisions\/21811"}],"wp:featuredmedia":[{"embeddable":true,"href":"https:\/\/meveline.com\/cs\/wp-json\/wp\/v2\/media\/21581"}],"wp:attachment":[{"href":"https:\/\/meveline.com\/cs\/wp-json\/wp\/v2\/media?parent=21784"}],"curies":[{"name":"wp","href":"https:\/\/api.w.org\/{rel}","templated":true}]}}