{"id":21774,"date":"2024-04-22T19:42:04","date_gmt":"2024-04-22T17:42:04","guid":{"rendered":"https:\/\/meveline.com\/?page_id=21774"},"modified":"2024-05-07T17:41:25","modified_gmt":"2024-05-07T15:41:25","slug":"producent-domkow-letniskowych-calorocznych-wroclaw","status":"publish","type":"page","link":"https:\/\/meveline.com\/cs\/producent-domkow-letniskowych-calorocznych-wroclaw\/","title":{"rendered":"Domki letniskowe ca\u0142oroczne Wroc\u0142aw"},"content":{"rendered":"<p>MEVELINE to polski producent gotowych domk\u00f3w ca\u0142orocznych i letniskowych, dost\u0119pnych r\u00f3wnie\u017c dla mieszka\u0144c\u00f3w Wroc\u0142awia. Projektujemy i wykonujemy domy samodzielnie, korzystaj\u0105c z technologii opartej na stalowym szkielecie, cho\u0107 cz\u0119sto wykorzystujemy drewno do elewacji zewn\u0119trznej. Nasze domy s\u0105 wysoce konfigurowalne i dostosowane do r\u00f3\u017cnych potrzeb klient\u00f3w. Dzi\u0119ki indywidualnemu podej\u015bciu do ka\u017cdego projektu, gwarantujemy wysok\u0105 jako\u015b\u0107 wykonania oraz pe\u0142ne zadowolenie z naszych produkt\u00f3w. Nasza oferta obejmuje zar\u00f3wno domki letniskowe o mniejszej powierzchni, idealne dla par lub ma\u0142ych rodzin, jak i wi\u0119ksze domy ca\u0142oroczne zapewniaj\u0105ce komfortowe warunki mieszkalne przez ca\u0142y rok.<\/p>","protected":false},"excerpt":{"rendered":"<p>MEVELINE to polski producent gotowych domk\u00f3w ca\u0142orocznych i letniskowych, dost\u0119pnych r\u00f3wnie\u017c dla mieszka\u0144c\u00f3w Wroc\u0142awia. Projektujemy i wykonujemy domy samodzielnie, korzystaj\u0105c z technologii opartej na stalowym szkielecie, cho\u0107 cz\u0119sto wykorzystujemy drewno do elewacji zewn\u0119trznej. Nasze domy s\u0105 wysoce konfigurowalne i dostosowane do r\u00f3\u017cnych potrzeb klient\u00f3w. Dzi\u0119ki indywidualnemu podej\u015bciu do ka\u017cdego projektu, gwarantujemy wysok\u0105 jako\u015b\u0107 wykonania oraz [&hellip;]<\/p>\n","protected":false},"author":2,"featured_media":21698,"parent":0,"menu_order":0,"comment_status":"closed","ping_status":"closed","template":"","meta":{"_seopress_robots_primary_cat":"","_seopress_titles_title":"Domki letniskowe ca\u0142oroczne Wroc\u0142aw \u2022 Wiele modeli \u2022 R\u00f3\u017cne metra\u017ce","_seopress_titles_desc":"Domki letniskowe ca\u0142oroczne od polskiego producenta Meveline \u2b50 Wybierz model i metra\u017c \u261d\ufe0f Dost\u0119pne opcje urz\u0105dzenia domku pod klucz \u2b50.","_seopress_robots_index":"","footnotes":""},"class_list":["post-21774","page","type-page","status-publish","has-post-thumbnail","hentry"],"_links":{"self":[{"href":"https:\/\/meveline.com\/cs\/wp-json\/wp\/v2\/pages\/21774","targetHints":{"allow":["GET"]}}],"collection":[{"href":"https:\/\/meveline.com\/cs\/wp-json\/wp\/v2\/pages"}],"about":[{"href":"https:\/\/meveline.com\/cs\/wp-json\/wp\/v2\/types\/page"}],"author":[{"embeddable":true,"href":"https:\/\/meveline.com\/cs\/wp-json\/wp\/v2\/users\/2"}],"replies":[{"embeddable":true,"href":"https:\/\/meveline.com\/cs\/wp-json\/wp\/v2\/comments?post=21774"}],"version-history":[{"count":3,"href":"https:\/\/meveline.com\/cs\/wp-json\/wp\/v2\/pages\/21774\/revisions"}],"predecessor-version":[{"id":21814,"href":"https:\/\/meveline.com\/cs\/wp-json\/wp\/v2\/pages\/21774\/revisions\/21814"}],"wp:featuredmedia":[{"embeddable":true,"href":"https:\/\/meveline.com\/cs\/wp-json\/wp\/v2\/media\/21698"}],"wp:attachment":[{"href":"https:\/\/meveline.com\/cs\/wp-json\/wp\/v2\/media?parent=21774"}],"curies":[{"name":"wp","href":"https:\/\/api.w.org\/{rel}","templated":true}]}}