{"id":18596,"date":"2021-10-22T09:35:48","date_gmt":"2021-10-22T07:35:48","guid":{"rendered":"https:\/\/meveline.com\/?page_id=18596"},"modified":"2022-01-11T17:07:51","modified_gmt":"2022-01-11T16:07:51","slug":"reva-4","status":"publish","type":"page","link":"https:\/\/meveline.com\/cs\/modele-domow\/reva\/reva-4\/","title":{"rendered":"REVA 4"},"content":{"rendered":"","protected":false},"excerpt":{"rendered":"","protected":false},"author":3,"featured_media":0,"parent":47,"menu_order":4,"comment_status":"closed","ping_status":"closed","template":"","meta":{"_seopress_robots_primary_cat":"","_seopress_titles_title":"\u2192 Domek ca\u0142oroczny REVA 4 \u2022 35m2 \u2022 MEVELINE","_seopress_titles_desc":"Domek drewniany ca\u0142oroczny REVA 4 \u2705 Zobacz dost\u0119pne konfiguracje \u2705 Bogate wyposa\u017cenie dodatkowe \u2705 \u0141atwo\u015b\u0107 transportu i budowy \u2705.","_seopress_robots_index":"","footnotes":""},"class_list":["post-18596","page","type-page","status-publish","hentry"],"_links":{"self":[{"href":"https:\/\/meveline.com\/cs\/wp-json\/wp\/v2\/pages\/18596","targetHints":{"allow":["GET"]}}],"collection":[{"href":"https:\/\/meveline.com\/cs\/wp-json\/wp\/v2\/pages"}],"about":[{"href":"https:\/\/meveline.com\/cs\/wp-json\/wp\/v2\/types\/page"}],"author":[{"embeddable":true,"href":"https:\/\/meveline.com\/cs\/wp-json\/wp\/v2\/users\/3"}],"replies":[{"embeddable":true,"href":"https:\/\/meveline.com\/cs\/wp-json\/wp\/v2\/comments?post=18596"}],"version-history":[{"count":0,"href":"https:\/\/meveline.com\/cs\/wp-json\/wp\/v2\/pages\/18596\/revisions"}],"up":[{"embeddable":true,"href":"https:\/\/meveline.com\/cs\/wp-json\/wp\/v2\/pages\/47"}],"wp:attachment":[{"href":"https:\/\/meveline.com\/cs\/wp-json\/wp\/v2\/media?parent=18596"}],"curies":[{"name":"wp","href":"https:\/\/api.w.org\/{rel}","templated":true}]}}