{"id":18549,"date":"2021-09-30T12:14:41","date_gmt":"2021-09-30T10:14:41","guid":{"rendered":"https:\/\/meveline.com\/?page_id=18549"},"modified":"2022-01-11T16:58:50","modified_gmt":"2022-01-11T15:58:50","slug":"seva-5","status":"publish","type":"page","link":"https:\/\/meveline.com\/cs\/modele-domow\/seva\/seva-5\/","title":{"rendered":"SEVA 5"},"content":{"rendered":"","protected":false},"excerpt":{"rendered":"","protected":false},"author":3,"featured_media":0,"parent":41,"menu_order":5,"comment_status":"closed","ping_status":"closed","template":"","meta":{"_seopress_robots_primary_cat":"","_seopress_titles_title":"\u2192 Domek ca\u0142oroczny SEVA 5 \u2022 48m2 \u2022 MEVELINE","_seopress_titles_desc":"Domek drewniany ca\u0142oroczny SEVA 5 \u2705 Zobacz dost\u0119pne konfiguracje \u2705 Bogate wyposa\u017cenie dodatkowe \u2705 \u0141atwo\u015b\u0107 transportu i budowy \u2705.","_seopress_robots_index":"","footnotes":""},"class_list":["post-18549","page","type-page","status-publish","hentry"],"meta_box":[],"_links":{"self":[{"href":"https:\/\/meveline.com\/cs\/wp-json\/wp\/v2\/pages\/18549","targetHints":{"allow":["GET"]}}],"collection":[{"href":"https:\/\/meveline.com\/cs\/wp-json\/wp\/v2\/pages"}],"about":[{"href":"https:\/\/meveline.com\/cs\/wp-json\/wp\/v2\/types\/page"}],"author":[{"embeddable":true,"href":"https:\/\/meveline.com\/cs\/wp-json\/wp\/v2\/users\/3"}],"replies":[{"embeddable":true,"href":"https:\/\/meveline.com\/cs\/wp-json\/wp\/v2\/comments?post=18549"}],"version-history":[{"count":0,"href":"https:\/\/meveline.com\/cs\/wp-json\/wp\/v2\/pages\/18549\/revisions"}],"up":[{"embeddable":true,"href":"https:\/\/meveline.com\/cs\/wp-json\/wp\/v2\/pages\/41"}],"wp:attachment":[{"href":"https:\/\/meveline.com\/cs\/wp-json\/wp\/v2\/media?parent=18549"}],"curies":[{"name":"wp","href":"https:\/\/api.w.org\/{rel}","templated":true}]}}