{"id":18084,"date":"2021-08-04T11:29:02","date_gmt":"2021-08-04T09:29:02","guid":{"rendered":"https:\/\/meveline.com\/?page_id=18084"},"modified":"2023-09-21T12:29:45","modified_gmt":"2023-09-21T10:29:45","slug":"ceny-i-finansowanie","status":"publish","type":"page","link":"https:\/\/meveline.com\/cs\/ceny-i-finansowanie\/","title":{"rendered":"Ceny i finansowanie"},"content":{"rendered":"","protected":false},"excerpt":{"rendered":"","protected":false},"author":3,"featured_media":21486,"parent":0,"menu_order":16,"comment_status":"closed","ping_status":"closed","template":"","meta":{"_seopress_robots_primary_cat":"","_seopress_titles_title":"\u2192 Finansowanie i ceny \u2022 MEVELINE","_seopress_titles_desc":"Szukasz odpowiedniego finansowania ? \u2705 Zapewniamy wsparcie specjalist\u00f3w w zakresie kredyt\u00f3w i leasing\u00f3w \u2705 Wejd\u017a i sprawd\u017a nasz\u0105 ofert\u0119 \u2705.","_seopress_robots_index":"","footnotes":""},"class_list":["post-18084","page","type-page","status-publish","has-post-thumbnail","hentry"],"_links":{"self":[{"href":"https:\/\/meveline.com\/cs\/wp-json\/wp\/v2\/pages\/18084","targetHints":{"allow":["GET"]}}],"collection":[{"href":"https:\/\/meveline.com\/cs\/wp-json\/wp\/v2\/pages"}],"about":[{"href":"https:\/\/meveline.com\/cs\/wp-json\/wp\/v2\/types\/page"}],"author":[{"embeddable":true,"href":"https:\/\/meveline.com\/cs\/wp-json\/wp\/v2\/users\/3"}],"replies":[{"embeddable":true,"href":"https:\/\/meveline.com\/cs\/wp-json\/wp\/v2\/comments?post=18084"}],"version-history":[{"count":0,"href":"https:\/\/meveline.com\/cs\/wp-json\/wp\/v2\/pages\/18084\/revisions"}],"wp:featuredmedia":[{"embeddable":true,"href":"https:\/\/meveline.com\/cs\/wp-json\/wp\/v2\/media\/21486"}],"wp:attachment":[{"href":"https:\/\/meveline.com\/cs\/wp-json\/wp\/v2\/media?parent=18084"}],"curies":[{"name":"wp","href":"https:\/\/api.w.org\/{rel}","templated":true}]}}