{"id":18072,"date":"2021-08-04T11:22:40","date_gmt":"2021-08-04T09:22:40","guid":{"rendered":"https:\/\/meveline.com\/?page_id=18072"},"modified":"2023-02-12T12:31:59","modified_gmt":"2023-02-12T11:31:59","slug":"zasady-ochrany-udaju","status":"publish","type":"page","link":"https:\/\/meveline.com\/cs\/zasady-ochrany-udaju\/","title":{"rendered":"Z\u00c1SADY OCHRANY \u00daDAJ\u016e"},"content":{"rendered":"","protected":false},"excerpt":{"rendered":"","protected":false},"author":3,"featured_media":20279,"parent":0,"menu_order":17,"comment_status":"closed","ping_status":"closed","template":"","meta":{"_seopress_robots_primary_cat":"","_seopress_titles_title":"","_seopress_titles_desc":"","_seopress_robots_index":"","footnotes":""},"class_list":["post-18072","page","type-page","status-publish","has-post-thumbnail","hentry"],"meta_box":[],"_links":{"self":[{"href":"https:\/\/meveline.com\/cs\/wp-json\/wp\/v2\/pages\/18072","targetHints":{"allow":["GET"]}}],"collection":[{"href":"https:\/\/meveline.com\/cs\/wp-json\/wp\/v2\/pages"}],"about":[{"href":"https:\/\/meveline.com\/cs\/wp-json\/wp\/v2\/types\/page"}],"author":[{"embeddable":true,"href":"https:\/\/meveline.com\/cs\/wp-json\/wp\/v2\/users\/3"}],"replies":[{"embeddable":true,"href":"https:\/\/meveline.com\/cs\/wp-json\/wp\/v2\/comments?post=18072"}],"version-history":[{"count":0,"href":"https:\/\/meveline.com\/cs\/wp-json\/wp\/v2\/pages\/18072\/revisions"}],"wp:featuredmedia":[{"embeddable":true,"href":"https:\/\/meveline.com\/cs\/wp-json\/wp\/v2\/media\/20279"}],"wp:attachment":[{"href":"https:\/\/meveline.com\/cs\/wp-json\/wp\/v2\/media?parent=18072"}],"curies":[{"name":"wp","href":"https:\/\/api.w.org\/{rel}","templated":true}]}}