{"id":10,"date":"2021-06-23T08:36:27","date_gmt":"2021-06-23T06:36:27","guid":{"rendered":"https:\/\/meveline.com\/?page_id=10"},"modified":"2023-10-21T11:47:43","modified_gmt":"2023-10-21T09:47:43","slug":"fotogalerie","status":"publish","type":"page","link":"https:\/\/meveline.com\/cs\/fotogalerie\/","title":{"rendered":"FOTOGALERIE"},"content":{"rendered":"","protected":false},"excerpt":{"rendered":"","protected":false},"author":3,"featured_media":21585,"parent":0,"menu_order":3,"comment_status":"closed","ping_status":"closed","template":"","meta":{"_seopress_robots_primary_cat":"","_seopress_titles_title":"\u2192 Nasze realizacje \u2022 MEVELINE","_seopress_titles_desc":"Zobacz nasze realizacje \u2705 Sprawd\u017a jak szybko i \u0142atwo mo\u017cesz mie\u0107 sw\u00f3j wymarzony domek ca\u0142oroczny \u2705 608-335-111 - zadzwo\u0144 \u260e.","_seopress_robots_index":"","footnotes":""},"class_list":["post-10","page","type-page","status-publish","has-post-thumbnail","hentry"],"meta_box":[],"_links":{"self":[{"href":"https:\/\/meveline.com\/cs\/wp-json\/wp\/v2\/pages\/10","targetHints":{"allow":["GET"]}}],"collection":[{"href":"https:\/\/meveline.com\/cs\/wp-json\/wp\/v2\/pages"}],"about":[{"href":"https:\/\/meveline.com\/cs\/wp-json\/wp\/v2\/types\/page"}],"author":[{"embeddable":true,"href":"https:\/\/meveline.com\/cs\/wp-json\/wp\/v2\/users\/3"}],"replies":[{"embeddable":true,"href":"https:\/\/meveline.com\/cs\/wp-json\/wp\/v2\/comments?post=10"}],"version-history":[{"count":1,"href":"https:\/\/meveline.com\/cs\/wp-json\/wp\/v2\/pages\/10\/revisions"}],"predecessor-version":[{"id":21586,"href":"https:\/\/meveline.com\/cs\/wp-json\/wp\/v2\/pages\/10\/revisions\/21586"}],"wp:featuredmedia":[{"embeddable":true,"href":"https:\/\/meveline.com\/cs\/wp-json\/wp\/v2\/media\/21585"}],"wp:attachment":[{"href":"https:\/\/meveline.com\/cs\/wp-json\/wp\/v2\/media?parent=10"}],"curies":[{"name":"wp","href":"https:\/\/api.w.org\/{rel}","templated":true}]}}